{"id":1864,"date":"2023-04-27T18:01:08","date_gmt":"2023-04-27T15:01:08","guid":{"rendered":"https:\/\/korvalaanen.fi\/?page_id=1864"},"modified":"2023-04-28T13:23:12","modified_gmt":"2023-04-28T10:23:12","slug":"korvalaasen-synty","status":"publish","type":"page","link":"https:\/\/korvalaanen.fi\/de\/meista\/korvalaasen-synty\/","title":{"rendered":"Korvalaasen synty"},"content":{"rendered":"<div data-elementor-type=\"wp-page\" data-elementor-id=\"1864\" class=\"elementor elementor-1864\" data-elementor-post-type=\"page\">\n\t\t\t\t\t\t<section class=\"elementor-section elementor-top-section elementor-element elementor-element-26b34aa elementor-section-boxed elementor-section-height-default elementor-section-height-default\" data-id=\"26b34aa\" data-element_type=\"section\" data-e-type=\"section\">\n\t\t\t\t\t\t<div class=\"elementor-container elementor-column-gap-default\">\n\t\t\t\t\t<div class=\"elementor-column elementor-col-50 elementor-top-column elementor-element elementor-element-6f7ac4a\" data-id=\"6f7ac4a\" data-element_type=\"column\" data-e-type=\"column\">\n\t\t\t<div class=\"elementor-widget-wrap elementor-element-populated\">\n\t\t\t\t\t\t<div class=\"elementor-element elementor-element-7d84f69 elementor-widget__width-initial elementor-widget elementor-widget-text-editor\" data-id=\"7d84f69\" data-element_type=\"widget\" data-e-type=\"widget\" data-widget_type=\"text-editor.default\">\n\t\t\t\t<div class=\"elementor-widget-container\">\n\t\t\t\t\t\t\t\t\t<p><strong>Em\u00e4nt\u00e4 Marianne<\/strong> h\u00f6r\u00e4hti hevosharrastukseen aikusella i\u00e4ll\u00e4 ja oli hevosta hoitamassa tallilla. <strong>Pehtoori Janne<\/strong> sattuman kaupalla p\u00f6l\u00e4hti paikalle, niin jotta kauratkin lensi k\u00e4dest\u00e4 tallin lattialle.<\/p><p>Soli meid\u00e4n <strong>ensikohtaamine<\/strong>, jonka siemen kylvi treffit jo parin p\u00e4iv\u00e4n p\u00e4\u00e4h\u00e4n tapahtumasta vuonna 2019. Taisimma olla toisilla treffeill\u00e4, kun l\u00f6ysin torista ilmoituksen: annetahan ittesitoja. Tuumasin, notta t\u00e4m\u00e4n jos haet ollahan loppuel\u00e4m\u00e4mme yhyres ja teher\u00e4h\u00e4n kaurasta 100 lyhyrest\u00e4 myyntihin. Kones haettihin seuraavana p\u00e4iv\u00e4n\u00e4 ja kaura sitoi meid\u00e4t yhteen, kuin kauralyhteen.<\/p>\t\t\t\t\t\t\t\t<\/div>\n\t\t\t\t<\/div>\n\t\t\t\t<div class=\"elementor-element elementor-element-3332c51 elementor-widget__width-initial elementor-widget elementor-widget-text-editor\" data-id=\"3332c51\" data-element_type=\"widget\" data-e-type=\"widget\" data-widget_type=\"text-editor.default\">\n\t\t\t\t<div class=\"elementor-widget-container\">\n\t\t\t\t\t\t\t\t\t<p><strong>Korvalaanen oy syntyi<\/strong>. Lyhteit\u00e4 tehtiin kymmeni\u00e4 tuhanisa ensimm\u00e4isen\u00e4 vuonna, toisena tehtihin viel\u00e4 v\u00e4h\u00e4 enemm\u00e4n ja mentihin kihiloohin. H\u00e4\u00e4t tanssitihin kolomantena vuotena ja mustakaura kukoisti lakeuden pelloilla. Matka jatkuu ja kaura kasvaa unelmia ja haaveita kohden. Yhyres yritet\u00e4h\u00e4n, kuin paita ja perse.<\/p>\t\t\t\t\t\t\t\t<\/div>\n\t\t\t\t<\/div>\n\t\t\t\t\t<\/div>\n\t\t<\/div>\n\t\t\t\t<div class=\"elementor-column elementor-col-50 elementor-top-column elementor-element elementor-element-fc12e4c\" data-id=\"fc12e4c\" data-element_type=\"column\" data-e-type=\"column\">\n\t\t\t<div class=\"elementor-widget-wrap elementor-element-populated\">\n\t\t\t\t\t\t<div class=\"elementor-element elementor-element-9d0d184 elementor-widget elementor-widget-image\" data-id=\"9d0d184\" data-element_type=\"widget\" data-e-type=\"widget\" data-widget_type=\"image.default\">\n\t\t\t\t<div class=\"elementor-widget-container\">\n\t\t\t\t\t\t\t\t\t\t\t\t\t\t\t<img fetchpriority=\"high\" decoding=\"async\" width=\"520\" height=\"693\" src=\"https:\/\/korvalaanen.fi\/wp-content\/uploads\/2023\/04\/hevoset.jpeg\" class=\"attachment-large size-large wp-image-1802\" alt=\"Hevoset\" srcset=\"https:\/\/korvalaanen.fi\/wp-content\/uploads\/2023\/04\/hevoset.jpeg 520w, https:\/\/korvalaanen.fi\/wp-content\/uploads\/2023\/04\/hevoset-225x300.jpeg 225w\" sizes=\"(max-width: 520px) 100vw, 520px\" \/>\t\t\t\t\t\t\t\t\t\t\t\t\t\t\t<\/div>\n\t\t\t\t<\/div>\n\t\t\t\t\t<\/div>\n\t\t<\/div>\n\t\t\t\t\t<\/div>\n\t\t<\/section>\n\t\t\t\t<\/div>","protected":false},"excerpt":{"rendered":"<p>Em\u00e4nt\u00e4 Marianne h\u00d6r\u00e4hti hevosharrastukseen aikusella i\u00e4ll\u00e4 ja oli hevosta hoitamassa [&hellip;]<\/p>\n","protected":false},"author":8,"featured_media":1056,"parent":839,"menu_order":0,"comment_status":"closed","ping_status":"closed","template":"","meta":{"slim_seo":{"title":"Korvalaasen synty - Korvalaanen","description":"Em\u00e4nt\u00e4 Marianne h\u00d6r\u00e4hti hevosharrastukseen aikusella i\u00e4ll\u00e4 ja oli hevosta hoitamassa tallilla. Pehtoori Janne sattuman kaupalla p\u00d6l\u00e4hti paikalle, niin jotta kau"},"_mc_calendar":[],"footnotes":""},"class_list":["post-1864","page","type-page","status-publish","has-post-thumbnail","hentry"],"_links":{"self":[{"href":"https:\/\/korvalaanen.fi\/de\/wp-json\/wp\/v2\/pages\/1864","targetHints":{"allow":["GET"]}}],"collection":[{"href":"https:\/\/korvalaanen.fi\/de\/wp-json\/wp\/v2\/pages"}],"about":[{"href":"https:\/\/korvalaanen.fi\/de\/wp-json\/wp\/v2\/types\/page"}],"author":[{"embeddable":true,"href":"https:\/\/korvalaanen.fi\/de\/wp-json\/wp\/v2\/users\/8"}],"replies":[{"embeddable":true,"href":"https:\/\/korvalaanen.fi\/de\/wp-json\/wp\/v2\/comments?post=1864"}],"version-history":[{"count":40,"href":"https:\/\/korvalaanen.fi\/de\/wp-json\/wp\/v2\/pages\/1864\/revisions"}],"predecessor-version":[{"id":2009,"href":"https:\/\/korvalaanen.fi\/de\/wp-json\/wp\/v2\/pages\/1864\/revisions\/2009"}],"up":[{"embeddable":true,"href":"https:\/\/korvalaanen.fi\/de\/wp-json\/wp\/v2\/pages\/839"}],"wp:featuredmedia":[{"embeddable":true,"href":"https:\/\/korvalaanen.fi\/de\/wp-json\/wp\/v2\/media\/1056"}],"wp:attachment":[{"href":"https:\/\/korvalaanen.fi\/de\/wp-json\/wp\/v2\/media?parent=1864"}],"curies":[{"name":"wp","href":"https:\/\/api.w.org\/{rel}","templated":true}]}}