{"id":3231,"date":"2025-02-07T22:56:39","date_gmt":"2025-02-07T20:56:39","guid":{"rendered":"https:\/\/korvalaanen.fi\/?page_id=3231"},"modified":"2025-02-08T09:46:27","modified_gmt":"2025-02-08T07:46:27","slug":"entisajan-mylly","status":"publish","type":"page","link":"https:\/\/korvalaanen.fi\/de\/entisajan-mylly\/","title":{"rendered":"Entisajan mylly"},"content":{"rendered":"<p class=\"gb-headline gb-headline-e37f61cc gb-headline-text\"><strong>Yl\u00f6j\u00e4rven vehn\u00e4mylly<\/strong> jatkaa toimintaansa ja on uudistetulta nimelt\u00e4\u00e4n Entisajan mylly, perinteit\u00e4 kunnioittaen.<\/p>\n\n\n<div class=\"gb-container gb-container-06035718\">\n<div class=\"gb-grid-wrapper gb-grid-wrapper-417b7b7b\">\n<div class=\"gb-grid-column gb-grid-column-01748a7b\"><div class=\"gb-container gb-container-01748a7b\">\n\n<figure class=\"gb-block-image gb-block-image-25cbc0ff\"><img fetchpriority=\"high\" decoding=\"async\" width=\"464\" height=\"265\" class=\"gb-image gb-image-25cbc0ff\" src=\"https:\/\/korvalaanen.fi\/wp-content\/uploads\/2025\/02\/ylojarven-mylly.png\" alt=\"\" title=\"yl\u00f6j\u00e4rven mylly\" srcset=\"https:\/\/korvalaanen.fi\/wp-content\/uploads\/2025\/02\/ylojarven-mylly.png 464w, https:\/\/korvalaanen.fi\/wp-content\/uploads\/2025\/02\/ylojarven-mylly-300x171.png 300w\" sizes=\"(max-width: 464px) 100vw, 464px\" \/><\/figure>\n\n<\/div><\/div>\n\n<div class=\"gb-grid-column gb-grid-column-9c56de90\"><div class=\"gb-container gb-container-9c56de90\">\n\n<div class=\"gb-headline gb-headline-8f3583b8 gb-headline-text\"><strong>on nyt<\/strong><\/div>\n\n<\/div><\/div>\n\n<div class=\"gb-grid-column gb-grid-column-6f999456\"><div class=\"gb-container gb-container-6f999456\">\n\n<figure class=\"gb-block-image gb-block-image-ec0d0767\"><img decoding=\"async\" width=\"1024\" height=\"633\" class=\"gb-image gb-image-ec0d0767\" src=\"https:\/\/korvalaanen.fi\/wp-content\/uploads\/2024\/01\/myllyn-logo-1024x633.jpeg\" alt=\"Yl\u00f6j\u00e4rven vehn\u00e4mylly on nyt Entisajan mylly\" title=\"myllyn logo\" srcset=\"https:\/\/korvalaanen.fi\/wp-content\/uploads\/2024\/01\/myllyn-logo-1024x633.jpeg 1024w, https:\/\/korvalaanen.fi\/wp-content\/uploads\/2024\/01\/myllyn-logo-300x185.jpeg 300w, https:\/\/korvalaanen.fi\/wp-content\/uploads\/2024\/01\/myllyn-logo-768x475.jpeg 768w, https:\/\/korvalaanen.fi\/wp-content\/uploads\/2024\/01\/myllyn-logo-600x371.jpeg 600w, https:\/\/korvalaanen.fi\/wp-content\/uploads\/2024\/01\/myllyn-logo.jpeg 1137w\" sizes=\"(max-width: 1024px) 100vw, 1024px\" \/><\/figure>\n\n<\/div><\/div>\n<\/div>\n<\/div>\n\n<div class=\"gb-container gb-container-ccc6cd3c\">\n<div class=\"gb-grid-wrapper gb-grid-wrapper-e749878e\">\n<div class=\"gb-grid-column gb-grid-column-3945b220\"><div class=\"gb-container gb-container-3945b220\">\n\n<div class=\"gb-headline gb-headline-b8ce085b gb-headline-text jh-listaus\"><strong>Avoinna arkisin 10-16<\/strong><\/div>\n\n\n\n<div class=\"gb-headline gb-headline-87d7110e gb-headline-text jh-listaus\">Tule suoraan ostoksille<\/div>\n\n\n\n<div class=\"gb-headline gb-headline-7ce9f68c gb-headline-text jh-listaus\">Voit my\u00f6s tilata etuk\u00e4teen, laitamme tuotteet valmiiksi<\/div>\n\n\n\n<div class=\"gb-headline gb-headline-d214e8e6 gb-headline-text jh-listaus\">Myllyn esittely ryhmille &#8211; koe entisajan myllyn henki, halutessa j\u00e4rjest\u00e4mme puurot ja nisukahvit<\/div>\n\n\n\n<div class=\"gb-headline gb-headline-04cc8653 gb-headline-text jh-listaus\"><strong>TERVETULOA!<\/strong><\/div>\n\n<\/div><\/div>\n<\/div>\n<\/div>\n\n<div class=\"gb-container gb-container-6ed50438\">\n\n<figure class=\"wp-block-gallery has-nested-images columns-2 is-cropped wp-block-gallery-1 is-layout-flex wp-block-gallery-is-layout-flex\">\n<figure class=\"wp-block-image size-large\"><a href=\"https:\/\/korvalaanen.fi\/wp-content\/uploads\/2025\/02\/Entisajan-mylly_1.jpeg\"><img decoding=\"async\" width=\"576\" height=\"1024\" data-id=\"3258\" src=\"https:\/\/korvalaanen.fi\/wp-content\/uploads\/2025\/02\/Entisajan-mylly_1-576x1024.jpeg\" alt=\"\" class=\"wp-image-3258\" srcset=\"https:\/\/korvalaanen.fi\/wp-content\/uploads\/2025\/02\/Entisajan-mylly_1-576x1024.jpeg 576w, https:\/\/korvalaanen.fi\/wp-content\/uploads\/2025\/02\/Entisajan-mylly_1-169x300.jpeg 169w, https:\/\/korvalaanen.fi\/wp-content\/uploads\/2025\/02\/Entisajan-mylly_1-768x1365.jpeg 768w, https:\/\/korvalaanen.fi\/wp-content\/uploads\/2025\/02\/Entisajan-mylly_1-864x1536.jpeg 864w, https:\/\/korvalaanen.fi\/wp-content\/uploads\/2025\/02\/Entisajan-mylly_1-600x1067.jpeg 600w, https:\/\/korvalaanen.fi\/wp-content\/uploads\/2025\/02\/Entisajan-mylly_1.jpeg 1080w\" sizes=\"(max-width: 576px) 100vw, 576px\" \/><\/a><\/figure>\n\n\n\n<figure class=\"wp-block-image size-large\"><a href=\"https:\/\/korvalaanen.fi\/wp-content\/uploads\/2025\/02\/Entisajan-mylly_3-scaled.jpeg\"><img loading=\"lazy\" decoding=\"async\" width=\"577\" height=\"1024\" data-id=\"3260\" src=\"https:\/\/korvalaanen.fi\/wp-content\/uploads\/2025\/02\/Entisajan-mylly_3-577x1024.jpeg\" alt=\"\" class=\"wp-image-3260\" srcset=\"https:\/\/korvalaanen.fi\/wp-content\/uploads\/2025\/02\/Entisajan-mylly_3-577x1024.jpeg 577w, https:\/\/korvalaanen.fi\/wp-content\/uploads\/2025\/02\/Entisajan-mylly_3-169x300.jpeg 169w, https:\/\/korvalaanen.fi\/wp-content\/uploads\/2025\/02\/Entisajan-mylly_3-768x1364.jpeg 768w, https:\/\/korvalaanen.fi\/wp-content\/uploads\/2025\/02\/Entisajan-mylly_3-865x1536.jpeg 865w, https:\/\/korvalaanen.fi\/wp-content\/uploads\/2025\/02\/Entisajan-mylly_3-1153x2048.jpeg 1153w, https:\/\/korvalaanen.fi\/wp-content\/uploads\/2025\/02\/Entisajan-mylly_3-600x1065.jpeg 600w, https:\/\/korvalaanen.fi\/wp-content\/uploads\/2025\/02\/Entisajan-mylly_3-scaled.jpeg 1442w\" sizes=\"(max-width: 577px) 100vw, 577px\" \/><\/a><\/figure>\n\n\n\n<figure class=\"wp-block-image size-large\"><a href=\"https:\/\/korvalaanen.fi\/wp-content\/uploads\/2025\/02\/Entisajan-mylly_2.jpeg\"><img loading=\"lazy\" decoding=\"async\" width=\"1024\" height=\"1024\" data-id=\"3259\" src=\"https:\/\/korvalaanen.fi\/wp-content\/uploads\/2025\/02\/Entisajan-mylly_2-1024x1024.jpeg\" alt=\"\" class=\"wp-image-3259\" srcset=\"https:\/\/korvalaanen.fi\/wp-content\/uploads\/2025\/02\/Entisajan-mylly_2-1024x1024.jpeg 1024w, https:\/\/korvalaanen.fi\/wp-content\/uploads\/2025\/02\/Entisajan-mylly_2-300x300.jpeg 300w, https:\/\/korvalaanen.fi\/wp-content\/uploads\/2025\/02\/Entisajan-mylly_2-150x150.jpeg 150w, https:\/\/korvalaanen.fi\/wp-content\/uploads\/2025\/02\/Entisajan-mylly_2-768x768.jpeg 768w, https:\/\/korvalaanen.fi\/wp-content\/uploads\/2025\/02\/Entisajan-mylly_2-600x600.jpeg 600w, https:\/\/korvalaanen.fi\/wp-content\/uploads\/2025\/02\/Entisajan-mylly_2-100x100.jpeg 100w, https:\/\/korvalaanen.fi\/wp-content\/uploads\/2025\/02\/Entisajan-mylly_2.jpeg 1302w\" sizes=\"(max-width: 1024px) 100vw, 1024px\" \/><\/a><\/figure>\n<\/figure>\n\n<\/div>","protected":false},"excerpt":{"rendered":"<p>Yl\u00f6j\u00e4rven vehn\u00e4mylly jatkaa toimintaansa ja on uudistetulta nimelt\u00e4\u00e4n Entisajan mylly, [&hellip;]<\/p>\n","protected":false},"author":8,"featured_media":2575,"parent":0,"menu_order":0,"comment_status":"closed","ping_status":"closed","template":"","meta":{"slim_seo":{"title":"Yl\u00f6j\u00e4rven vehn\u00e4mylly on nyt Entisajan mylly - Korvalaanen","description":"Yl\u00f6j\u00e4rven vehn\u00e4mylly jatkaa toimintaansa ja on uudistetulta nimelt\u00e4\u00e4n Entisajan mylly, perinteit\u00e4 kunnioittaen."},"_mc_calendar":[],"footnotes":""},"class_list":["post-3231","page","type-page","status-publish","has-post-thumbnail","hentry"],"_links":{"self":[{"href":"https:\/\/korvalaanen.fi\/de\/wp-json\/wp\/v2\/pages\/3231","targetHints":{"allow":["GET"]}}],"collection":[{"href":"https:\/\/korvalaanen.fi\/de\/wp-json\/wp\/v2\/pages"}],"about":[{"href":"https:\/\/korvalaanen.fi\/de\/wp-json\/wp\/v2\/types\/page"}],"author":[{"embeddable":true,"href":"https:\/\/korvalaanen.fi\/de\/wp-json\/wp\/v2\/users\/8"}],"replies":[{"embeddable":true,"href":"https:\/\/korvalaanen.fi\/de\/wp-json\/wp\/v2\/comments?post=3231"}],"version-history":[{"count":32,"href":"https:\/\/korvalaanen.fi\/de\/wp-json\/wp\/v2\/pages\/3231\/revisions"}],"predecessor-version":[{"id":3274,"href":"https:\/\/korvalaanen.fi\/de\/wp-json\/wp\/v2\/pages\/3231\/revisions\/3274"}],"wp:featuredmedia":[{"embeddable":true,"href":"https:\/\/korvalaanen.fi\/de\/wp-json\/wp\/v2\/media\/2575"}],"wp:attachment":[{"href":"https:\/\/korvalaanen.fi\/de\/wp-json\/wp\/v2\/media?parent=3231"}],"curies":[{"name":"wp","href":"https:\/\/api.w.org\/{rel}","templated":true}]}}