{"id":3518,"date":"2025-06-04T13:39:12","date_gmt":"2025-06-04T10:39:12","guid":{"rendered":"https:\/\/korvalaanen.fi\/?page_id=3518"},"modified":"2025-06-04T13:39:15","modified_gmt":"2025-06-04T10:39:15","slug":"esittely","status":"publish","type":"page","link":"https:\/\/korvalaanen.fi\/de\/esittely\/","title":{"rendered":"Vorstellung"},"content":{"rendered":"<div class=\"trp_language_switcher_shortcode\">\n<div class=\"trp-language-switcher trp-language-switcher-container\" data-no-translation >\n    <div class=\"trp-ls-shortcode-current-language\">\n        <a href=\"#\" class=\"trp-ls-shortcode-disabled-language trp-ls-disabled-language\" title=\"Deutsch\" onclick=\"event.preventDefault()\">\n\t\t\t<img decoding=\"async\" class=\"trp-flag-image\" src=\"https:\/\/korvalaanen.fi\/wp-content\/plugins\/translatepress-multilingual\/assets\/images\/flags\/de_DE.png\" width=\"18\" height=\"12\" alt=\"de_DE\" title=\"Deutsch\"> Deutsch\t\t<\/a>\n    <\/div>\n    <div class=\"trp-ls-shortcode-language\">\n                <a href=\"#\" class=\"trp-ls-shortcode-disabled-language trp-ls-disabled-language\"  title=\"Deutsch\" onclick=\"event.preventDefault()\">\n\t\t\t<img decoding=\"async\" class=\"trp-flag-image\" src=\"https:\/\/korvalaanen.fi\/wp-content\/plugins\/translatepress-multilingual\/assets\/images\/flags\/de_DE.png\" width=\"18\" height=\"12\" alt=\"de_DE\" title=\"Deutsch\"> Deutsch\t\t<\/a>\n                    <a href=\"https:\/\/korvalaanen.fi\/de\/wp-json\/wp\/v2\/pages\/3518#TRPLINKPROCESSED\" title=\"Suomi\">\n            <img decoding=\"async\" class=\"trp-flag-image\" src=\"https:\/\/korvalaanen.fi\/wp-content\/plugins\/translatepress-multilingual\/assets\/images\/flags\/fi.png\" width=\"18\" height=\"12\" alt=\"fi\" title=\"Suomi\"> Suomi        <\/a>\n\n        <\/div>\n    <script type=\"application\/javascript\">\n        \/\/ need to have the same with set from JS on both divs. Otherwise it can push stuff around in HTML\n        var trp_ls_shortcodes = document.querySelectorAll('.trp_language_switcher_shortcode .trp-language-switcher');\n        if ( trp_ls_shortcodes.length > 0) {\n            \/\/ get the last language switcher added\n            var trp_el = trp_ls_shortcodes[trp_ls_shortcodes.length - 1];\n\n            var trp_shortcode_language_item = trp_el.querySelector( '.trp-ls-shortcode-language' )\n            \/\/ set width\n            var trp_ls_shortcode_width                                               = trp_shortcode_language_item.offsetWidth + 16;\n            trp_shortcode_language_item.style.width                                  = trp_ls_shortcode_width + 'px';\n            trp_el.querySelector( '.trp-ls-shortcode-current-language' ).style.width = trp_ls_shortcode_width + 'px';\n\n            \/\/ We're putting this on display: none after we have its width.\n            trp_shortcode_language_item.style.display = 'none';\n        }\n    <\/script>\n<\/div>\n<\/div>\n\n\n<div class=\"gb-container gb-container-ed3116f2\">\n<div class=\"gb-grid-wrapper gb-grid-wrapper-73a00f46\">\n<div class=\"gb-grid-column gb-grid-column-dee07bf5\"><div class=\"gb-container gb-container-dee07bf5\">\n\n<p>Korvalaanen Oy on etel\u00e4pohjalainen maatila, joka valmistaa perinteisi\u00e4 viljatuotteita entisajan myllyll\u00e4 Yl\u00f6j\u00e4rvell\u00e4. Erityisesti tunnetuksi se on tullut mustakaurastaan, joka on alkuper\u00e4inen suomalainen maatiaiskauralajike. Mustakaura on tummanruskea tai l\u00e4hes musta, paksukuorinen ja ravinteikas kaura, joka on ollut perinteisesti osa suomalaista ruokakulttuuria.<\/p>\n\n\n\n<p>Korvalaanen Oy:n mustakaura on t\u00e4ysin kotimaista, ilman lis\u00e4aineita tai s\u00e4il\u00f6nt\u00e4aineita. Tuotteet valmistetaan itse viljellyist\u00e4 mustista kauroista, ja ne ovat saatavilla muun muassa kaurahiutaleina, kauraryynin\u00e4 ja kaurajauhona. Tuotteet myyd\u00e4\u00e4n suoraan tilalta tai verkkokaupan kautta, ja ne toimitetaan nopeasti asiakkaille.<\/p>\n\n\n\n<p>Korvalaanen Oy:n mustakaura on saanut kiitosta erityisesti sen mausta ja ravintoarvoista. Se soveltuu erinomaisesti puuroihin, leivontaan ja muihin ruokiin, ja se on saanut suosiota niin kotitalouksissa kuin ravintoloissakin.<\/p>\n\n\n\n<p>Jos etsit aitoa, kotimaista ja ravinteikasta kauraa, Korvalaanen Oy:n mustakaura on erinomainen valinta. Voit tutustua tuotteisiin ja tehd\u00e4 tilauksen heid\u00e4n verkkosivuillaan<\/p>\n\n<\/div><\/div>\n\n<div class=\"gb-grid-column gb-grid-column-2609ee90\"><div class=\"gb-container gb-container-2609ee90\">\n\n<figure class=\"gb-block-image gb-block-image-79118a46\"><img fetchpriority=\"high\" decoding=\"async\" width=\"1600\" height=\"1067\" class=\"gb-image gb-image-79118a46\" src=\"https:\/\/korvalaanen.fi\/wp-content\/uploads\/2025\/06\/korvalaanen_mylly.jpg\" alt=\"Korvalaanen mylly\" title=\"korvalaanen_mylly\" srcset=\"https:\/\/korvalaanen.fi\/wp-content\/uploads\/2025\/06\/korvalaanen_mylly.jpg 1600w, https:\/\/korvalaanen.fi\/wp-content\/uploads\/2025\/06\/korvalaanen_mylly-300x200.jpg 300w, https:\/\/korvalaanen.fi\/wp-content\/uploads\/2025\/06\/korvalaanen_mylly-1024x683.jpg 1024w, https:\/\/korvalaanen.fi\/wp-content\/uploads\/2025\/06\/korvalaanen_mylly-768x512.jpg 768w, https:\/\/korvalaanen.fi\/wp-content\/uploads\/2025\/06\/korvalaanen_mylly-1536x1024.jpg 1536w, https:\/\/korvalaanen.fi\/wp-content\/uploads\/2025\/06\/korvalaanen_mylly-18x12.jpg 18w, https:\/\/korvalaanen.fi\/wp-content\/uploads\/2025\/06\/korvalaanen_mylly-600x400.jpg 600w\" sizes=\"(max-width: 1600px) 100vw, 1600px\" \/><\/figure>\n\n<\/div><\/div>\n<\/div>\n<\/div>\n\n<div class=\"gb-container gb-container-a0fa521f\">\n\n<h2 class=\"gb-headline gb-headline-497a5df9 gb-headline-text\">Meist\u00e4<\/h2>\n\n\n<div class=\"gb-grid-wrapper gb-grid-wrapper-e18aeb2d\">\n<div class=\"gb-grid-column gb-grid-column-740ed4a1\"><div class=\"gb-container gb-container-740ed4a1\">\n\n<figure class=\"gb-block-image gb-block-image-6011cf63\"><img loading=\"lazy\" decoding=\"async\" width=\"1143\" height=\"1600\" class=\"gb-image gb-image-6011cf63\" src=\"https:\/\/korvalaanen.fi\/wp-content\/uploads\/2022\/10\/Isanta-ja-emanta_3.jpeg\" alt=\"Korvalaanen Oy is\u00e4nt\u00e4 ja em\u00e4nt\u00e4 poseeraamassa\" title=\"Is\u00e4nt\u00e4 ja em\u00e4nt\u00e4_3\" srcset=\"https:\/\/korvalaanen.fi\/wp-content\/uploads\/2022\/10\/Isanta-ja-emanta_3.jpeg 1143w, https:\/\/korvalaanen.fi\/wp-content\/uploads\/2022\/10\/Isanta-ja-emanta_3-214x300.jpeg 214w, https:\/\/korvalaanen.fi\/wp-content\/uploads\/2022\/10\/Isanta-ja-emanta_3-732x1024.jpeg 732w, https:\/\/korvalaanen.fi\/wp-content\/uploads\/2022\/10\/Isanta-ja-emanta_3-768x1075.jpeg 768w, https:\/\/korvalaanen.fi\/wp-content\/uploads\/2022\/10\/Isanta-ja-emanta_3-1097x1536.jpeg 1097w, https:\/\/korvalaanen.fi\/wp-content\/uploads\/2022\/10\/Isanta-ja-emanta_3-600x840.jpeg 600w\" sizes=\"(max-width: 1143px) 100vw, 1143px\" \/><\/figure>\n\n<\/div><\/div>\n\n<div class=\"gb-grid-column gb-grid-column-ac4dc270\"><div class=\"gb-container gb-container-ac4dc270\">\n\n<p><strong>Moomma etel\u00e4-pohojalaasia maatalousyritt\u00e4ji\u00e4 Koskenkorvalta.<\/strong><\/p>\n\n\n\n<p>Em\u00e4nt\u00e4 Marianne on ireariihi ja ahkera tekij\u00e4 kokeilemahan uusia asioita.<\/p>\n\n\n\n<p>Is\u00e4nt\u00e4 Janne on toteuttaja ja meir\u00e4n maatilan ylin pehtoori.<\/p>\n\n\n\n<p>Maatalous on molempien el\u00e4m\u00e4ss\u00e4 ollu syntym\u00e4st\u00e4 asti ja aikuisella i\u00e4ll\u00e4mme innostuttiin vanhoista koneista. Itsesitoja oli meir\u00e4n ensimm\u00e4inen yhteinen kone, joka yhyres hommattiin ja sovittihin tekev\u00e4mme 100 lyhyest\u00e4. Is\u00e4nt\u00e4 entras 50-luvun ittesitojan ja hommas vi\u00e4 varakonehen.<\/p>\n\n\n\n<p>No sitten myytihin tuhansia lyhtehi\u00e4 ennakkoon ja Korvalaanen Oy syntyi. Meir\u00e4t yll\u00e4tti saamamme ihana kiitos ja palaute. Lyhteit\u00e4 on ymp\u00e4ri Suomea ja lis\u00e4\u00e4 teher\u00e4h\u00e4n joka vuosi.<\/p>\n\n\n\n<p>Osaamista meill\u00e4 on maataloures muullaki saroilla ja mielell\u00e4mme me niis asioos palavellahan. Maatalousurakoinnista on vuosien kokemusta ja siit\u00e4 kannattaa tarjous pyyt\u00e4\u00e4. Tyk\u00e4t\u00e4h\u00e4n molemmat hevosista ja myyr\u00e4h\u00e4n mm. hein\u00e4\u00e4, olkia ja turvetta.<\/p>\n\n<\/div><\/div>\n<\/div>\n<\/div>","protected":false},"excerpt":{"rendered":"<p>\u00dcber uns<\/p>","protected":false},"author":8,"featured_media":0,"parent":0,"menu_order":0,"comment_status":"closed","ping_status":"closed","template":"","meta":{"slim_seo":{"title":"Esittely - Korvalaanen","description":""},"_mc_calendar":[],"footnotes":""},"class_list":["post-3518","page","type-page","status-publish","hentry"],"_links":{"self":[{"href":"https:\/\/korvalaanen.fi\/de\/wp-json\/wp\/v2\/pages\/3518","targetHints":{"allow":["GET"]}}],"collection":[{"href":"https:\/\/korvalaanen.fi\/de\/wp-json\/wp\/v2\/pages"}],"about":[{"href":"https:\/\/korvalaanen.fi\/de\/wp-json\/wp\/v2\/types\/page"}],"author":[{"embeddable":true,"href":"https:\/\/korvalaanen.fi\/de\/wp-json\/wp\/v2\/users\/8"}],"replies":[{"embeddable":true,"href":"https:\/\/korvalaanen.fi\/de\/wp-json\/wp\/v2\/comments?post=3518"}],"version-history":[{"count":6,"href":"https:\/\/korvalaanen.fi\/de\/wp-json\/wp\/v2\/pages\/3518\/revisions"}],"predecessor-version":[{"id":3526,"href":"https:\/\/korvalaanen.fi\/de\/wp-json\/wp\/v2\/pages\/3518\/revisions\/3526"}],"wp:attachment":[{"href":"https:\/\/korvalaanen.fi\/de\/wp-json\/wp\/v2\/media?parent=3518"}],"curies":[{"name":"wp","href":"https:\/\/api.w.org\/{rel}","templated":true}]}}