{"id":746,"date":"2022-03-23T09:21:21","date_gmt":"2022-03-23T09:21:21","guid":{"rendered":"https:\/\/korvalaanen.fi\/?page_id=746"},"modified":"2022-06-14T19:23:24","modified_gmt":"2022-06-14T16:23:24","slug":"uusi-etusivu","status":"publish","type":"page","link":"https:\/\/korvalaanen.fi\/de\/uusi-etusivu\/","title":{"rendered":"Uusi etusivu"},"content":{"rendered":"<div data-elementor-type=\"wp-page\" data-elementor-id=\"746\" class=\"elementor elementor-746\" data-elementor-post-type=\"page\">\n\t\t\t\t\t\t<section class=\"elementor-section elementor-top-section elementor-element elementor-element-a4c11e8 elementor-section-boxed elementor-section-height-default elementor-section-height-default\" data-id=\"a4c11e8\" data-element_type=\"section\" data-e-type=\"section\">\n\t\t\t\t\t\t<div class=\"elementor-container elementor-column-gap-default\">\n\t\t\t\t\t<div class=\"elementor-column elementor-col-100 elementor-top-column elementor-element elementor-element-41f2fb6\" data-id=\"41f2fb6\" data-element_type=\"column\" data-e-type=\"column\">\n\t\t\t<div class=\"elementor-widget-wrap elementor-element-populated\">\n\t\t\t\t\t\t<div class=\"elementor-element elementor-element-a33536f elementor-widget elementor-widget-text-editor\" data-id=\"a33536f\" data-element_type=\"widget\" data-e-type=\"widget\" data-widget_type=\"text-editor.default\">\n\t\t\t\t<div class=\"elementor-widget-container\">\n\t\t\t\t\t\t\t\t\t<p>Oomma Koskenkorvalainen maalaistila, jossa valmistetaan perinteisi\u00e4 viljatuotteita, urakoidaan maatiloilla sek\u00e4 hoidetaan hevosia.<\/p>\t\t\t\t\t\t\t\t<\/div>\n\t\t\t\t<\/div>\n\t\t\t\t<div class=\"elementor-element elementor-element-ee690cf elementor-widget elementor-widget-text-editor\" data-id=\"ee690cf\" data-element_type=\"widget\" data-e-type=\"widget\" data-widget_type=\"text-editor.default\">\n\t\t\t\t<div class=\"elementor-widget-container\">\n\t\t\t\t\t\t\t\t\t<p>Lyhteit\u00e4 voi tulla noutamaan suoraan tilaltamme Koskenkorvalta sopimuksen mukaan!<\/p>\t\t\t\t\t\t\t\t<\/div>\n\t\t\t\t<\/div>\n\t\t\t\t<div class=\"elementor-element elementor-element-24b727a elementor-widget elementor-widget-text-editor\" data-id=\"24b727a\" data-element_type=\"widget\" data-e-type=\"widget\" data-widget_type=\"text-editor.default\">\n\t\t\t\t<div class=\"elementor-widget-container\">\n\t\t\t\t\t\t\t\t\t<p>Tulossa oma tilamyym\u00e4l\u00e4, mutta myyd\u00e4\u00e4n suoraan asiakkaille sit\u00e4 orotellessa sovitusti.<\/p><p>Myym\u00e4l\u00e4mme palvelee kes\u00e4ll\u00e4 2022 <a href=\"http:\/\/www.ylilaurosela.fi\/\" target=\"_blank\" rel=\"noopener\">Yli-Lauroselan talomuseolla<\/a> Ilmajoella. Kaffila Korvapuustissa palvelee tilamme em\u00e4nt\u00e4 Marianne ja myynniss\u00e4 tuottehia omasta sadostamme h\u00f6ystettyn\u00e4 muiden paikallisten k\u00e4rentaitajien tuotoksilla.\u00a0<\/p>\t\t\t\t\t\t\t\t<\/div>\n\t\t\t\t<\/div>\n\t\t\t\t<section class=\"elementor-section elementor-inner-section elementor-element elementor-element-e6e34d1 elementor-section-content-middle elementor-section-boxed elementor-section-height-default elementor-section-height-default\" data-id=\"e6e34d1\" data-element_type=\"section\" data-e-type=\"section\">\n\t\t\t\t\t\t<div class=\"elementor-container elementor-column-gap-default\">\n\t\t\t\t\t<div class=\"elementor-column elementor-col-100 elementor-inner-column elementor-element elementor-element-5e9344d\" data-id=\"5e9344d\" data-element_type=\"column\" data-e-type=\"column\">\n\t\t\t<div class=\"elementor-widget-wrap elementor-element-populated\">\n\t\t\t\t\t\t<div class=\"elementor-element elementor-element-5a1d512 elementor-widget elementor-widget-gallery\" data-id=\"5a1d512\" data-element_type=\"widget\" data-e-type=\"widget\" data-settings=\"{&quot;gallery_layout&quot;:&quot;masonry&quot;,&quot;columns&quot;:3,&quot;lazyload&quot;:&quot;yes&quot;,&quot;columns_tablet&quot;:2,&quot;columns_mobile&quot;:1,&quot;gap&quot;:{&quot;unit&quot;:&quot;px&quot;,&quot;size&quot;:10,&quot;sizes&quot;:[]},&quot;gap_tablet&quot;:{&quot;unit&quot;:&quot;px&quot;,&quot;size&quot;:10,&quot;sizes&quot;:[]},&quot;gap_mobile&quot;:{&quot;unit&quot;:&quot;px&quot;,&quot;size&quot;:10,&quot;sizes&quot;:[]},&quot;link_to&quot;:&quot;file&quot;,&quot;overlay_background&quot;:&quot;yes&quot;,&quot;content_hover_animation&quot;:&quot;fade-in&quot;}\" data-widget_type=\"gallery.default\">\n\t\t\t\t<div class=\"elementor-widget-container\">\n\t\t\t\t\t\t\t<div class=\"elementor-gallery__container\">\n\t\t\t\t\t\t\t<a class=\"e-gallery-item elementor-gallery-item elementor-animated-content\" href=\"https:\/\/korvalaanen.fi\/wp-content\/uploads\/2022\/06\/kahvila_3.jpeg\" data-elementor-open-lightbox=\"yes\" data-elementor-lightbox-slideshow=\"5a1d512\" data-e-action-hash=\"#elementor-action%3Aaction%3Dlightbox%26settings%3DeyJpZCI6MTMwMSwidXJsIjoiaHR0cHM6XC9cL2tvcnZhbGFhbmVuLmZpXC93cC1jb250ZW50XC91cGxvYWRzXC8yMDIyXC8wNlwva2FodmlsYV8zLmpwZWciLCJzbGlkZXNob3ciOiI1YTFkNTEyIn0%3D\">\n\t\t\t\t\t<div class=\"e-gallery-image elementor-gallery-item__image\" data-thumbnail=\"https:\/\/korvalaanen.fi\/wp-content\/uploads\/2022\/06\/kahvila_3-768x1035.jpeg\" data-width=\"768\" data-height=\"1035\" aria-label=\"\" role=\"img\" ><\/div>\n\t\t\t\t\t\t\t\t\t\t\t<div class=\"elementor-gallery-item__overlay\"><\/div>\n\t\t\t\t\t\t\t\t\t\t\t\t\t\t<\/a>\n\t\t\t\t\t\t\t<a class=\"e-gallery-item elementor-gallery-item elementor-animated-content\" href=\"https:\/\/korvalaanen.fi\/wp-content\/uploads\/2022\/05\/Korvalaaset.jpeg\" data-elementor-open-lightbox=\"yes\" data-elementor-lightbox-slideshow=\"5a1d512\" data-e-action-hash=\"#elementor-action%3Aaction%3Dlightbox%26settings%3DeyJpZCI6MTI3MiwidXJsIjoiaHR0cHM6XC9cL2tvcnZhbGFhbmVuLmZpXC93cC1jb250ZW50XC91cGxvYWRzXC8yMDIyXC8wNVwvS29ydmFsYWFzZXQuanBlZyIsInNsaWRlc2hvdyI6IjVhMWQ1MTIifQ%3D%3D\">\n\t\t\t\t\t<div class=\"e-gallery-image elementor-gallery-item__image\" data-thumbnail=\"https:\/\/korvalaanen.fi\/wp-content\/uploads\/2022\/05\/Korvalaaset-768x1035.jpeg\" data-width=\"768\" data-height=\"1035\" aria-label=\"\" role=\"img\" ><\/div>\n\t\t\t\t\t\t\t\t\t\t\t<div class=\"elementor-gallery-item__overlay\"><\/div>\n\t\t\t\t\t\t\t\t\t\t\t\t\t\t<\/a>\n\t\t\t\t\t\t\t<a class=\"e-gallery-item elementor-gallery-item elementor-animated-content\" href=\"https:\/\/korvalaanen.fi\/wp-content\/uploads\/2022\/06\/kahvila_5.jpeg\" data-elementor-open-lightbox=\"yes\" data-elementor-lightbox-slideshow=\"5a1d512\" data-e-action-hash=\"#elementor-action%3Aaction%3Dlightbox%26settings%3DeyJpZCI6MTMwMiwidXJsIjoiaHR0cHM6XC9cL2tvcnZhbGFhbmVuLmZpXC93cC1jb250ZW50XC91cGxvYWRzXC8yMDIyXC8wNlwva2FodmlsYV81LmpwZWciLCJzbGlkZXNob3ciOiI1YTFkNTEyIn0%3D\">\n\t\t\t\t\t<div class=\"e-gallery-image elementor-gallery-item__image\" data-thumbnail=\"https:\/\/korvalaanen.fi\/wp-content\/uploads\/2022\/06\/kahvila_5-768x1035.jpeg\" data-width=\"768\" data-height=\"1035\" aria-label=\"\" role=\"img\" ><\/div>\n\t\t\t\t\t\t\t\t\t\t\t<div class=\"elementor-gallery-item__overlay\"><\/div>\n\t\t\t\t\t\t\t\t\t\t\t\t\t\t<\/a>\n\t\t\t\t\t<\/div>\n\t\t\t\t\t<\/div>\n\t\t\t\t<\/div>\n\t\t\t\t\t<\/div>\n\t\t<\/div>\n\t\t\t\t\t<\/div>\n\t\t<\/section>\n\t\t\t\t<section class=\"elementor-section elementor-inner-section elementor-element elementor-element-2137913 elementor-section-content-middle elementor-section-boxed elementor-section-height-default elementor-section-height-default\" data-id=\"2137913\" data-element_type=\"section\" data-e-type=\"section\">\n\t\t\t\t\t\t<div class=\"elementor-container elementor-column-gap-default\">\n\t\t\t\t\t<div class=\"elementor-column elementor-col-100 elementor-inner-column elementor-element elementor-element-7ea09e0\" data-id=\"7ea09e0\" data-element_type=\"column\" data-e-type=\"column\">\n\t\t\t<div class=\"elementor-widget-wrap elementor-element-populated\">\n\t\t\t\t\t\t<div class=\"elementor-element elementor-element-0f43155 elementor-invisible elementor-widget elementor-widget-image\" data-id=\"0f43155\" data-element_type=\"widget\" data-e-type=\"widget\" data-settings=\"{&quot;_animation&quot;:&quot;rotateIn&quot;}\" data-widget_type=\"image.default\">\n\t\t\t\t<div class=\"elementor-widget-container\">\n\t\t\t\t\t\t\t\t\t\t\t\t\t\t\t<img fetchpriority=\"high\" decoding=\"async\" width=\"695\" height=\"408\" src=\"https:\/\/korvalaanen.fi\/wp-content\/uploads\/2022\/05\/Korvapuusti-logo.jpeg\" class=\"attachment-full size-full wp-image-1264\" alt=\"Korvapuusti logo\" srcset=\"https:\/\/korvalaanen.fi\/wp-content\/uploads\/2022\/05\/Korvapuusti-logo.jpeg 695w, https:\/\/korvalaanen.fi\/wp-content\/uploads\/2022\/05\/Korvapuusti-logo-300x176.jpeg 300w, https:\/\/korvalaanen.fi\/wp-content\/uploads\/2022\/05\/Korvapuusti-logo-600x352.jpeg 600w\" sizes=\"(max-width: 695px) 100vw, 695px\" \/>\t\t\t\t\t\t\t\t\t\t\t\t\t\t\t<\/div>\n\t\t\t\t<\/div>\n\t\t\t\t\t<\/div>\n\t\t<\/div>\n\t\t\t\t\t<\/div>\n\t\t<\/section>\n\t\t\t\t<div class=\"elementor-element elementor-element-d952f36 elementor-widget elementor-widget-heading\" data-id=\"d952f36\" data-element_type=\"widget\" data-e-type=\"widget\" data-widget_type=\"heading.default\">\n\t\t\t\t<div class=\"elementor-widget-container\">\n\t\t\t\t\t<h1 class=\"elementor-heading-title elementor-size-default\">- Korvalaanen -<\/h1>\t\t\t\t<\/div>\n\t\t\t\t<\/div>\n\t\t\t\t\t<\/div>\n\t\t<\/div>\n\t\t\t\t\t<\/div>\n\t\t<\/section>\n\t\t\t\t<\/div>","protected":false},"excerpt":{"rendered":"<p>Oomma Koskenkorvalainen maalaistila, jossa valmistetaan perinteisi\u00e4 viljatuotteita, urakoidaan maatiloilla sek\u00e4 [&hellip;]<\/p>\n","protected":false},"author":8,"featured_media":0,"parent":0,"menu_order":0,"comment_status":"closed","ping_status":"closed","template":"","meta":{"slim_seo":{"title":"Uusi etusivu - Korvalaanen","description":"Oomma Koskenkorvalainen maalaistila, jossa valmistetaan perinteisi\u00e4 viljatuotteita, urakoidaan maatiloilla sek\u00e4 hoidetaan hevosia. Lyhteit\u00e4 voi tulla noutamaan"},"_mc_calendar":[],"footnotes":""},"class_list":["post-746","page","type-page","status-publish","hentry"],"_links":{"self":[{"href":"https:\/\/korvalaanen.fi\/de\/wp-json\/wp\/v2\/pages\/746","targetHints":{"allow":["GET"]}}],"collection":[{"href":"https:\/\/korvalaanen.fi\/de\/wp-json\/wp\/v2\/pages"}],"about":[{"href":"https:\/\/korvalaanen.fi\/de\/wp-json\/wp\/v2\/types\/page"}],"author":[{"embeddable":true,"href":"https:\/\/korvalaanen.fi\/de\/wp-json\/wp\/v2\/users\/8"}],"replies":[{"embeddable":true,"href":"https:\/\/korvalaanen.fi\/de\/wp-json\/wp\/v2\/comments?post=746"}],"version-history":[{"count":0,"href":"https:\/\/korvalaanen.fi\/de\/wp-json\/wp\/v2\/pages\/746\/revisions"}],"wp:attachment":[{"href":"https:\/\/korvalaanen.fi\/de\/wp-json\/wp\/v2\/media?parent=746"}],"curies":[{"name":"wp","href":"https:\/\/api.w.org\/{rel}","templated":true}]}}