{"id":894,"date":"2022-03-24T07:32:26","date_gmt":"2022-03-24T07:32:26","guid":{"rendered":"https:\/\/korvalaanen.fi\/?page_id=894"},"modified":"2022-12-01T13:26:04","modified_gmt":"2022-12-01T11:26:04","slug":"tuotteet-ja-palvelut","status":"publish","type":"page","link":"https:\/\/korvalaanen.fi\/de\/tuotteet-ja-palvelut\/","title":{"rendered":"Tuotteet ja palvelut"},"content":{"rendered":"<div data-elementor-type=\"wp-page\" data-elementor-id=\"894\" class=\"elementor elementor-894\" data-elementor-post-type=\"page\">\n\t\t\t\t\t\t<section class=\"elementor-section elementor-top-section elementor-element elementor-element-6c9ca96 elementor-section-boxed elementor-section-height-default elementor-section-height-default\" data-id=\"6c9ca96\" data-element_type=\"section\" data-e-type=\"section\">\n\t\t\t\t\t\t<div class=\"elementor-container elementor-column-gap-default\">\n\t\t\t\t\t<div class=\"elementor-column elementor-col-100 elementor-top-column elementor-element elementor-element-dddfea1\" data-id=\"dddfea1\" data-element_type=\"column\" data-e-type=\"column\">\n\t\t\t<div class=\"elementor-widget-wrap elementor-element-populated\">\n\t\t\t\t\t\t<div class=\"elementor-element elementor-element-15ef872 elementor-widget elementor-widget-heading\" data-id=\"15ef872\" data-element_type=\"widget\" data-e-type=\"widget\" data-widget_type=\"heading.default\">\n\t\t\t\t<div class=\"elementor-widget-container\">\n\t\t\t\t\t<h1 class=\"elementor-heading-title elementor-size-default\">Tuotteet ja palvelut<\/h1>\t\t\t\t<\/div>\n\t\t\t\t<\/div>\n\t\t\t\t\t<\/div>\n\t\t<\/div>\n\t\t\t\t\t<\/div>\n\t\t<\/section>\n\t\t\t\t<section class=\"elementor-section elementor-top-section elementor-element elementor-element-0efc6a8 elementor-section-boxed elementor-section-height-default elementor-section-height-default\" data-id=\"0efc6a8\" data-element_type=\"section\" data-e-type=\"section\">\n\t\t\t\t\t\t<div class=\"elementor-container elementor-column-gap-default\">\n\t\t\t\t\t<div class=\"elementor-column elementor-col-100 elementor-top-column elementor-element elementor-element-767c8e6\" data-id=\"767c8e6\" data-element_type=\"column\" data-e-type=\"column\">\n\t\t\t<div class=\"elementor-widget-wrap elementor-element-populated\">\n\t\t\t\t\t\t<div class=\"elementor-element elementor-element-38a1e2a elementor-widget elementor-widget-text-editor\" data-id=\"38a1e2a\" data-element_type=\"widget\" data-e-type=\"widget\" data-widget_type=\"text-editor.default\">\n\t\t\t\t<div class=\"elementor-widget-container\">\n\t\t\t\t\t\t\t\t\t<p>Tilallamme voi k\u00e4yd\u00e4 tutustumassa tuotteiden valmistuksee, sek\u00e4 kotiel\u00e4intemme hoitoon ja haluttaessa vaikka osallistua. Kaikki tuotteet ovat kotimaisesti ja perinteisesti valmistettuja. Kehit\u00e4mme uusia tuotteita ja palveluita jatkuvasti &#8211; lis\u00e4\u00e4 siis on tulossa!<\/p>\t\t\t\t\t\t\t\t<\/div>\n\t\t\t\t<\/div>\n\t\t\t\t\t<\/div>\n\t\t<\/div>\n\t\t\t\t\t<\/div>\n\t\t<\/section>\n\t\t\t\t<section class=\"elementor-section elementor-top-section elementor-element elementor-element-3be5e80 elementor-section-boxed elementor-section-height-default elementor-section-height-default\" data-id=\"3be5e80\" data-element_type=\"section\" data-e-type=\"section\">\n\t\t\t\t\t\t<div class=\"elementor-container elementor-column-gap-default\">\n\t\t\t\t\t<div class=\"elementor-column elementor-col-14 elementor-top-column elementor-element elementor-element-b2fbde2\" data-id=\"b2fbde2\" data-element_type=\"column\" data-e-type=\"column\">\n\t\t\t<div class=\"elementor-widget-wrap elementor-element-populated\">\n\t\t\t\t\t\t<div class=\"elementor-element elementor-element-943a1f8 elementor-widget elementor-widget-image\" data-id=\"943a1f8\" data-element_type=\"widget\" data-e-type=\"widget\" data-widget_type=\"image.default\">\n\t\t\t\t<div class=\"elementor-widget-container\">\n\t\t\t\t\t\t\t\t\t\t\t\t<figure class=\"wp-caption\">\n\t\t\t\t\t\t\t\t\t\t\t<a href=\"https:\/\/korvalaanen.fi\/de\/produkt\/kauralyhde\/\">\n\t\t\t\t\t\t\t<img decoding=\"async\" src=\"https:\/\/korvalaanen.fi\/wp-content\/uploads\/elementor\/thumbs\/kauralyhde_v2-pmmp9l3bhydrrla1xbrselgeyq2ck1ueuf6448odk0.jpeg\" title=\"kauralyhde_v2\" alt=\"kauralyhde\" loading=\"lazy\" \/>\t\t\t\t\t\t\t\t<\/a>\n\t\t\t\t\t\t\t\t\t\t\t<figcaption class=\"widget-image-caption wp-caption-text\">Kauralyhde<\/figcaption>\n\t\t\t\t\t\t\t\t\t\t<\/figure>\n\t\t\t\t\t\t\t\t\t<\/div>\n\t\t\t\t<\/div>\n\t\t\t\t\t<\/div>\n\t\t<\/div>\n\t\t\t\t<div class=\"elementor-column elementor-col-14 elementor-top-column elementor-element elementor-element-6b5f0da\" data-id=\"6b5f0da\" data-element_type=\"column\" data-e-type=\"column\">\n\t\t\t<div class=\"elementor-widget-wrap elementor-element-populated\">\n\t\t\t\t\t\t<div class=\"elementor-element elementor-element-383e132 elementor-widget elementor-widget-image\" data-id=\"383e132\" data-element_type=\"widget\" data-e-type=\"widget\" data-widget_type=\"image.default\">\n\t\t\t\t<div class=\"elementor-widget-container\">\n\t\t\t\t\t\t\t\t\t\t\t\t<figure class=\"wp-caption\">\n\t\t\t\t\t\t\t\t\t\t\t<a href=\"https:\/\/korvalaanen.fi\/de\/produkt\/kaurahiutale\/\">\n\t\t\t\t\t\t\t<img decoding=\"async\" src=\"https:\/\/korvalaanen.fi\/wp-content\/uploads\/elementor\/thumbs\/MustaKaurahiutale-pyiq2ndl4g81prslvtv34odp4c9l6s4vcyvnvs5odc.jpeg\" title=\"Mustakaurahiutale\" alt=\"Mustakaura hiutale entisajan tapaan.\" loading=\"lazy\" \/>\t\t\t\t\t\t\t\t<\/a>\n\t\t\t\t\t\t\t\t\t\t\t<figcaption class=\"widget-image-caption wp-caption-text\">Kaurahiutale<\/figcaption>\n\t\t\t\t\t\t\t\t\t\t<\/figure>\n\t\t\t\t\t\t\t\t\t<\/div>\n\t\t\t\t<\/div>\n\t\t\t\t\t<\/div>\n\t\t<\/div>\n\t\t\t\t<div class=\"elementor-column elementor-col-14 elementor-top-column elementor-element elementor-element-cfb9658\" data-id=\"cfb9658\" data-element_type=\"column\" data-e-type=\"column\">\n\t\t\t<div class=\"elementor-widget-wrap elementor-element-populated\">\n\t\t\t\t\t\t<div class=\"elementor-element elementor-element-17a5aa9 elementor-widget elementor-widget-image\" data-id=\"17a5aa9\" data-element_type=\"widget\" data-e-type=\"widget\" data-widget_type=\"image.default\">\n\t\t\t\t<div class=\"elementor-widget-container\">\n\t\t\t\t\t\t\t\t\t\t\t\t<figure class=\"wp-caption\">\n\t\t\t\t\t\t\t\t\t\t\t<a href=\"https:\/\/korvalaanen.fi\/de\/produkt\/ohraryyni\/\">\n\t\t\t\t\t\t\t<img decoding=\"async\" src=\"https:\/\/korvalaanen.fi\/wp-content\/uploads\/elementor\/thumbs\/ohraryyni-pyioim7xpzipml6n2lxphteibgfwcbowbmvnzz8ja8.jpeg\" title=\"ohraryyni\" alt=\"Entisajan ohraryyni\" loading=\"lazy\" \/>\t\t\t\t\t\t\t\t<\/a>\n\t\t\t\t\t\t\t\t\t\t\t<figcaption class=\"widget-image-caption wp-caption-text\">Ohraryyni<\/figcaption>\n\t\t\t\t\t\t\t\t\t\t<\/figure>\n\t\t\t\t\t\t\t\t\t<\/div>\n\t\t\t\t<\/div>\n\t\t\t\t\t<\/div>\n\t\t<\/div>\n\t\t\t\t<div class=\"elementor-column elementor-col-14 elementor-top-column elementor-element elementor-element-31a9408\" data-id=\"31a9408\" data-element_type=\"column\" data-e-type=\"column\">\n\t\t\t<div class=\"elementor-widget-wrap elementor-element-populated\">\n\t\t\t\t\t\t<div class=\"elementor-element elementor-element-53771ec elementor-widget elementor-widget-image\" data-id=\"53771ec\" data-element_type=\"widget\" data-e-type=\"widget\" data-widget_type=\"image.default\">\n\t\t\t\t<div class=\"elementor-widget-container\">\n\t\t\t\t\t\t\t\t\t\t\t\t<figure class=\"wp-caption\">\n\t\t\t\t\t\t\t\t\t\t<img decoding=\"async\" src=\"https:\/\/korvalaanen.fi\/wp-content\/uploads\/elementor\/thumbs\/IMG_20201002_090614-scaled-p6mnngedl224n8t1p735exhrqock4lp2ijt9fvxehs.jpg\" title=\"All-focus\" alt=\"All-focus\" loading=\"lazy\" \/>\t\t\t\t\t\t\t\t\t\t\t<figcaption class=\"widget-image-caption wp-caption-text\">Hevoset ja ponit<\/figcaption>\n\t\t\t\t\t\t\t\t\t\t<\/figure>\n\t\t\t\t\t\t\t\t\t<\/div>\n\t\t\t\t<\/div>\n\t\t\t\t\t<\/div>\n\t\t<\/div>\n\t\t\t\t<div class=\"elementor-column elementor-col-14 elementor-top-column elementor-element elementor-element-9a6e895\" data-id=\"9a6e895\" data-element_type=\"column\" data-e-type=\"column\">\n\t\t\t<div class=\"elementor-widget-wrap elementor-element-populated\">\n\t\t\t\t\t\t<div class=\"elementor-element elementor-element-eb7d1e1 elementor-widget elementor-widget-image\" data-id=\"eb7d1e1\" data-element_type=\"widget\" data-e-type=\"widget\" data-widget_type=\"image.default\">\n\t\t\t\t<div class=\"elementor-widget-container\">\n\t\t\t\t\t\t\t\t\t\t\t\t<figure class=\"wp-caption\">\n\t\t\t\t\t\t\t\t\t\t<img decoding=\"async\" src=\"https:\/\/korvalaanen.fi\/wp-content\/uploads\/elementor\/thumbs\/pyoropaali_3-pmdm6l3t4vana94fnio55z52rbjfbrwull1cy3l40w.jpg\" title=\"py\u00d6r\u00d6paali_3\" alt=\"Py\u00d6r\u00d6paali\" loading=\"lazy\" \/>\t\t\t\t\t\t\t\t\t\t\t<figcaption class=\"widget-image-caption wp-caption-text\">py\u00f6r\u00e4paaliina hein\u00e4\u00e4 \/kauranolkea<\/figcaption>\n\t\t\t\t\t\t\t\t\t\t<\/figure>\n\t\t\t\t\t\t\t\t\t<\/div>\n\t\t\t\t<\/div>\n\t\t\t\t\t<\/div>\n\t\t<\/div>\n\t\t\t\t<div class=\"elementor-column elementor-col-14 elementor-top-column elementor-element elementor-element-2db8b6c\" data-id=\"2db8b6c\" data-element_type=\"column\" data-e-type=\"column\">\n\t\t\t<div class=\"elementor-widget-wrap elementor-element-populated\">\n\t\t\t\t\t\t<div class=\"elementor-element elementor-element-ce3f59a elementor-widget elementor-widget-image\" data-id=\"ce3f59a\" data-element_type=\"widget\" data-e-type=\"widget\" data-widget_type=\"image.default\">\n\t\t\t\t<div class=\"elementor-widget-container\">\n\t\t\t\t\t\t\t\t\t\t\t\t<figure class=\"wp-caption\">\n\t\t\t\t\t\t\t\t\t\t<img decoding=\"async\" src=\"https:\/\/korvalaanen.fi\/wp-content\/uploads\/elementor\/thumbs\/mustakaura_2_ok-pmdl8qwz3kz1bm9x8w3neijovybq81kpy3k2zhrc0w.jpg\" title=\"mustakaura_2_ok\" alt=\"mustakauraa tuoreeltaan\" loading=\"lazy\" \/>\t\t\t\t\t\t\t\t\t\t\t<figcaption class=\"widget-image-caption wp-caption-text\">Mustakaura<\/figcaption>\n\t\t\t\t\t\t\t\t\t\t<\/figure>\n\t\t\t\t\t\t\t\t\t<\/div>\n\t\t\t\t<\/div>\n\t\t\t\t\t<\/div>\n\t\t<\/div>\n\t\t\t\t<div class=\"elementor-column elementor-col-14 elementor-top-column elementor-element elementor-element-6c84191\" data-id=\"6c84191\" data-element_type=\"column\" data-e-type=\"column\">\n\t\t\t<div class=\"elementor-widget-wrap elementor-element-populated\">\n\t\t\t\t\t\t<div class=\"elementor-element elementor-element-7ba385f elementor-widget elementor-widget-image\" data-id=\"7ba385f\" data-element_type=\"widget\" data-e-type=\"widget\" data-widget_type=\"image.default\">\n\t\t\t\t<div class=\"elementor-widget-container\">\n\t\t\t\t\t\t\t\t\t\t\t\t<figure class=\"wp-caption\">\n\t\t\t\t\t\t\t\t\t\t\t<a href=\"https:\/\/korvalaanen.fi\/de\/produkt\/vehnajauho\/\">\n\t\t\t\t\t\t\t<img decoding=\"async\" src=\"https:\/\/korvalaanen.fi\/wp-content\/uploads\/elementor\/thumbs\/vehenajauho-pyioidre0h74q3ixg0a2ddjcyzllf1rbah0aohl2u8.jpeg\" title=\"vehen\u00e4jauho\" alt=\"vehen\u00e4jauho\" loading=\"lazy\" \/>\t\t\t\t\t\t\t\t<\/a>\n\t\t\t\t\t\t\t\t\t\t\t<figcaption class=\"widget-image-caption wp-caption-text\">Vehn\u00e4jauho<\/figcaption>\n\t\t\t\t\t\t\t\t\t\t<\/figure>\n\t\t\t\t\t\t\t\t\t<\/div>\n\t\t\t\t<\/div>\n\t\t\t\t\t<\/div>\n\t\t<\/div>\n\t\t\t\t\t<\/div>\n\t\t<\/section>\n\t\t\t\t<section class=\"elementor-section elementor-top-section elementor-element elementor-element-0a9eadf elementor-section-boxed elementor-section-height-default elementor-section-height-default\" data-id=\"0a9eadf\" data-element_type=\"section\" data-e-type=\"section\">\n\t\t\t\t\t\t<div class=\"elementor-container elementor-column-gap-default\">\n\t\t\t\t\t<div class=\"elementor-column elementor-col-100 elementor-top-column elementor-element elementor-element-3f6c00e\" data-id=\"3f6c00e\" data-element_type=\"column\" data-e-type=\"column\">\n\t\t\t<div class=\"elementor-widget-wrap elementor-element-populated\">\n\t\t\t\t\t\t<div class=\"elementor-element elementor-element-e7d7369 elementor-align-center elementor-widget elementor-widget-button\" data-id=\"e7d7369\" data-element_type=\"widget\" data-e-type=\"widget\" data-widget_type=\"button.default\">\n\t\t\t\t<div class=\"elementor-widget-container\">\n\t\t\t\t\t\t\t\t\t<div class=\"elementor-button-wrapper\">\n\t\t\t\t\t<a class=\"elementor-button elementor-button-link elementor-size-lg\" href=\"https:\/\/korvalaanen.fi\/de\/kauppa\/\">\n\t\t\t\t\t\t<span class=\"elementor-button-content-wrapper\">\n\t\t\t\t\t\t\t\t\t<span class=\"elementor-button-text\">Osta tuotteita suoraan nettikaupasta<\/span>\n\t\t\t\t\t<\/span>\n\t\t\t\t\t<\/a>\n\t\t\t\t<\/div>\n\t\t\t\t\t\t\t\t<\/div>\n\t\t\t\t<\/div>\n\t\t\t\t\t<\/div>\n\t\t<\/div>\n\t\t\t\t\t<\/div>\n\t\t<\/section>\n\t\t\t\t<\/div>","protected":false},"excerpt":{"rendered":"<p>Tuotteet ja palvelut Tilallamme voi k\u00e4yd\u00e4 tutustumassa tuotteiden valmistuksee, sek\u00e4 [&hellip;]<\/p>\n","protected":false},"author":8,"featured_media":0,"parent":0,"menu_order":0,"comment_status":"closed","ping_status":"closed","template":"","meta":{"slim_seo":{"title":"Tuotteet ja palvelut - Korvalaanen","description":"Tuotteet ja palvelut Tilallamme voi k\u00e4yd\u00e4 tutustumassa tuotteiden valmistuksee, sek\u00e4 kotiel\u00e4intemme hoitoon ja haluttaessa vaikka osallistua. Kaikki tuotteet ov"},"_mc_calendar":[],"footnotes":""},"class_list":["post-894","page","type-page","status-publish","hentry"],"_links":{"self":[{"href":"https:\/\/korvalaanen.fi\/de\/wp-json\/wp\/v2\/pages\/894","targetHints":{"allow":["GET"]}}],"collection":[{"href":"https:\/\/korvalaanen.fi\/de\/wp-json\/wp\/v2\/pages"}],"about":[{"href":"https:\/\/korvalaanen.fi\/de\/wp-json\/wp\/v2\/types\/page"}],"author":[{"embeddable":true,"href":"https:\/\/korvalaanen.fi\/de\/wp-json\/wp\/v2\/users\/8"}],"replies":[{"embeddable":true,"href":"https:\/\/korvalaanen.fi\/de\/wp-json\/wp\/v2\/comments?post=894"}],"version-history":[{"count":15,"href":"https:\/\/korvalaanen.fi\/de\/wp-json\/wp\/v2\/pages\/894\/revisions"}],"predecessor-version":[{"id":1627,"href":"https:\/\/korvalaanen.fi\/de\/wp-json\/wp\/v2\/pages\/894\/revisions\/1627"}],"wp:attachment":[{"href":"https:\/\/korvalaanen.fi\/de\/wp-json\/wp\/v2\/media?parent=894"}],"curies":[{"name":"wp","href":"https:\/\/api.w.org\/{rel}","templated":true}]}}