{"id":1135,"date":"2022-05-06T12:07:56","date_gmt":"2022-05-06T09:07:56","guid":{"rendered":"https:\/\/korvalaanen.fi\/?post_type=product&#038;p=1135"},"modified":"2026-03-31T11:44:13","modified_gmt":"2026-03-31T08:44:13","slug":"vehnajauho","status":"publish","type":"product","link":"https:\/\/korvalaanen.fi\/de\/produkt\/vehnajauho\/","title":{"rendered":"T\u00e4ysjyv\u00e4 vehn\u00e4jauho"},"content":{"rendered":"<h3>Ravintosis\u00e4lt\u00f6\/n\u00e4ringsinneh\u00e5ll 100 g<\/h3>\n<ul>\n<li>Energia 955 kJ \/ 228 kcal<\/li>\n<li>Rasva 4,5 g<\/li>\n<li>Hiilihydraatti 15,4 g<\/li>\n<li>Ravintokuitu 37,5 g<\/li>\n<li>Proteiini\u00c2\u00a0 13,3 g<\/li>\n<\/ul>\n<p>(saattaa seassa olla pieni\u00e4 m\u00e4\u00e4ri\u00e4 muutakin viljasorttia)<\/p>\n<p>500 g<\/p>","protected":false},"excerpt":{"rendered":"<p>Entisajan t\u00e4ysjyv\u00e4 vehn\u00e4jauho<\/p>\n<p>Sis\u00e4lt\u00e4\u00e4 vehn\u00e4\u00e4<\/p>","protected":false},"featured_media":2671,"template":"","meta":{"slim_seo":{"title":"T\u00e4ysjyv\u00e4 vehn\u00e4jauho - Korvalaanen","description":"Entisajan t\u00e4ysjyv\u00e4 vehn\u00e4jauho Sis\u00e4lt\u00e4\u00e4 vehn\u00e4\u00e4"}},"product_brand":[],"product_cat":[25],"product_tag":[55],"class_list":{"0":"post-1135","1":"product","2":"type-product","3":"status-publish","4":"has-post-thumbnail","6":"product_cat-viljat-oljyt","7":"product_tag-vehnatuote","8":"product_shipping_class-pussit","10":"first","11":"instock","12":"taxable","13":"shipping-taxable","14":"purchasable","15":"product-type-simple"},"_links":{"self":[{"href":"https:\/\/korvalaanen.fi\/de\/wp-json\/wp\/v2\/product\/1135","targetHints":{"allow":["GET"]}}],"collection":[{"href":"https:\/\/korvalaanen.fi\/de\/wp-json\/wp\/v2\/product"}],"about":[{"href":"https:\/\/korvalaanen.fi\/de\/wp-json\/wp\/v2\/types\/product"}],"wp:featuredmedia":[{"embeddable":true,"href":"https:\/\/korvalaanen.fi\/de\/wp-json\/wp\/v2\/media\/2671"}],"wp:attachment":[{"href":"https:\/\/korvalaanen.fi\/de\/wp-json\/wp\/v2\/media?parent=1135"}],"wp:term":[{"taxonomy":"product_brand","embeddable":true,"href":"https:\/\/korvalaanen.fi\/de\/wp-json\/wp\/v2\/product_brand?post=1135"},{"taxonomy":"product_cat","embeddable":true,"href":"https:\/\/korvalaanen.fi\/de\/wp-json\/wp\/v2\/product_cat?post=1135"},{"taxonomy":"product_tag","embeddable":true,"href":"https:\/\/korvalaanen.fi\/de\/wp-json\/wp\/v2\/product_tag?post=1135"}],"curies":[{"name":"wp","href":"https:\/\/api.w.org\/{rel}","templated":true}]}}