{"id":1190,"date":"2022-05-06T13:25:22","date_gmt":"2022-05-06T10:25:22","guid":{"rendered":"https:\/\/korvalaanen.fi\/?post_type=product&#038;p=1190"},"modified":"2026-03-31T11:44:13","modified_gmt":"2026-03-31T08:44:13","slug":"oljyhamppu","status":"publish","type":"product","link":"https:\/\/korvalaanen.fi\/de\/produkt\/oljyhamppu\/","title":{"rendered":"\u00d6ljyhamppu"},"content":{"rendered":"","protected":false},"excerpt":{"rendered":"<p>Kokonaanen hamppu maistuu p\u00e4hkin\u00e4\u00e4selle ja sit\u00e4 voi ripotella monehen ruokahan tai leivontahn lisukkeeksi. Smoothiet ovat suosittuja hampun kanssa.<\/p>\n<p>Korvalaasen tuotteet on valamistettu ilaman esik\u00e4sittelyj\u00e4 tai lis\u00e4-aineeta. Meir\u00e4n toimesta ei laiteta kasvinsuojelu ainehia hamppukasvustoon!<\/p>\n<p>500 gr. pussi<\/p>\n<h3>Ravintosis\u00e4lt\u00d6 100g<\/h3>\n<p>Energia: 882kcal\/3629kJ<br \/>\nRasva: 96,6g<br \/>\njosta tyydyttynytt\u00e4: 8,7g<br \/>\njosta kertatyydytt\u00d6m\u00e4t: 8,4g<br \/>\nmonityydytt\u00d6m\u00e4t: 74,9g<br \/>\nHiilihydraatit: 3,5g<br \/>\njoista sokeria: 0g<br \/>\nOmega-3: 20,7g<br \/>\nOmega-6: 54,2g<br \/>\nE-vitamiini: 80,6g<br \/>\nGammalinoleenihappo (GLA 4,2g)<br \/>\nStearidonihappoa (SDA 1,8g)<br \/>\nAlfa-linoleenihappoa (ALA 20,6g)<\/p>","protected":false},"featured_media":1594,"template":"","meta":{"slim_seo":{"title":"\u00d6ljyhamppu - Korvalaanen","description":"Kokonaanen hamppu maistuu p\u00e4hkin\u00e4\u00e4selle ja sit\u00e4 voi ripotella monehen ruokahan tai leivontahn lisukkeeksi. Smoothiet ovat suosittuja hampun kanssa. Korvalaasen"}},"product_brand":[],"product_cat":[25],"product_tag":[],"class_list":{"0":"post-1190","1":"product","2":"type-product","3":"status-publish","4":"has-post-thumbnail","6":"product_cat-viljat-oljyt","7":"product_shipping_class-pussit","9":"first","10":"instock","11":"taxable","12":"shipping-taxable","13":"purchasable","14":"product-type-simple"},"_links":{"self":[{"href":"https:\/\/korvalaanen.fi\/de\/wp-json\/wp\/v2\/product\/1190","targetHints":{"allow":["GET"]}}],"collection":[{"href":"https:\/\/korvalaanen.fi\/de\/wp-json\/wp\/v2\/product"}],"about":[{"href":"https:\/\/korvalaanen.fi\/de\/wp-json\/wp\/v2\/types\/product"}],"wp:featuredmedia":[{"embeddable":true,"href":"https:\/\/korvalaanen.fi\/de\/wp-json\/wp\/v2\/media\/1594"}],"wp:attachment":[{"href":"https:\/\/korvalaanen.fi\/de\/wp-json\/wp\/v2\/media?parent=1190"}],"wp:term":[{"taxonomy":"product_brand","embeddable":true,"href":"https:\/\/korvalaanen.fi\/de\/wp-json\/wp\/v2\/product_brand?post=1190"},{"taxonomy":"product_cat","embeddable":true,"href":"https:\/\/korvalaanen.fi\/de\/wp-json\/wp\/v2\/product_cat?post=1190"},{"taxonomy":"product_tag","embeddable":true,"href":"https:\/\/korvalaanen.fi\/de\/wp-json\/wp\/v2\/product_tag?post=1190"}],"curies":[{"name":"wp","href":"https:\/\/api.w.org\/{rel}","templated":true}]}}