{"id":1192,"date":"2022-05-06T17:28:49","date_gmt":"2022-05-06T14:28:49","guid":{"rendered":"https:\/\/korvalaanen.fi\/?post_type=product&#038;p=1192"},"modified":"2026-03-31T11:44:13","modified_gmt":"2026-03-31T08:44:13","slug":"kaurajauho","status":"publish","type":"product","link":"https:\/\/korvalaanen.fi\/de\/produkt\/kaurajauho\/","title":{"rendered":"Mustakaura jauho"},"content":{"rendered":"","protected":false},"excerpt":{"rendered":"<p>Mehl aus schwarzem Hafer \nMehl aus schwarzem Hafer ist bei B\u00e4ckern sehr beliebt. Es verleiht dem Grundgeb\u00e4ck einen neuen Geschmack, wenn ein Teil des Weizenmehls durch Schwarzhafermehl ersetzt wird.<\/p>\n<p>Enth\u00e4lt Hafer.<\/p>\n<p><strong>Ravintosis\u00e4lt\u00d6 100 g<\/strong><br \/>\nEnergie 1500 kJ \/ 358 kcal<br \/>\nBallaststoffe 12 g<br \/>\nFett 5,1 g<br \/>\nProtein 17 g<br \/>\nKohlenhydrate 53 g<br \/>\nSalz &lt; 0,25 g<br \/>\ndavon Zucker 0,71 g<br \/>\nEi l\u00e4mp\u00d6k\u00e4sitelty. Ravinteet tallella.<\/p>\n<p>500 g<\/p>\n<p><a href=\"https:\/\/korvalaanen.fi\/wp-content\/uploads\/2023\/06\/Korvalaanen-Kaurajauho-etiketti-v3.jpg\" rel=\"noopener\">PRODUKTBESCHREIBUNG<\/a><\/p>","protected":false},"featured_media":2596,"template":"","meta":{"slim_seo":{"title":"Mustakaura jauho - Korvalaanen","description":"Todella tyk\u00e4tty leivonnassa ja juurileipureiden mieleen. Antaa uutta makua perusleivonnassa, kun korvaat osan vehn\u00e4jauhoista mustakaura jauhoilla. Sis\u00e4lt\u00e4\u00e4 kaur"}},"product_brand":[],"product_cat":[25],"product_tag":[],"class_list":{"0":"post-1192","1":"product","2":"type-product","3":"status-publish","4":"has-post-thumbnail","6":"product_cat-viljat-oljyt","7":"product_shipping_class-pussit","9":"first","10":"instock","11":"taxable","12":"shipping-taxable","13":"purchasable","14":"product-type-simple"},"_links":{"self":[{"href":"https:\/\/korvalaanen.fi\/de\/wp-json\/wp\/v2\/product\/1192","targetHints":{"allow":["GET"]}}],"collection":[{"href":"https:\/\/korvalaanen.fi\/de\/wp-json\/wp\/v2\/product"}],"about":[{"href":"https:\/\/korvalaanen.fi\/de\/wp-json\/wp\/v2\/types\/product"}],"wp:featuredmedia":[{"embeddable":true,"href":"https:\/\/korvalaanen.fi\/de\/wp-json\/wp\/v2\/media\/2596"}],"wp:attachment":[{"href":"https:\/\/korvalaanen.fi\/de\/wp-json\/wp\/v2\/media?parent=1192"}],"wp:term":[{"taxonomy":"product_brand","embeddable":true,"href":"https:\/\/korvalaanen.fi\/de\/wp-json\/wp\/v2\/product_brand?post=1192"},{"taxonomy":"product_cat","embeddable":true,"href":"https:\/\/korvalaanen.fi\/de\/wp-json\/wp\/v2\/product_cat?post=1192"},{"taxonomy":"product_tag","embeddable":true,"href":"https:\/\/korvalaanen.fi\/de\/wp-json\/wp\/v2\/product_tag?post=1192"}],"curies":[{"name":"wp","href":"https:\/\/api.w.org\/{rel}","templated":true}]}}