{"id":1199,"date":"2022-05-06T17:42:33","date_gmt":"2022-05-06T14:42:33","guid":{"rendered":"https:\/\/korvalaanen.fi\/?post_type=product&#038;p=1199"},"modified":"2026-03-31T11:44:12","modified_gmt":"2026-03-31T08:44:12","slug":"ohraryyni","status":"publish","type":"product","link":"https:\/\/korvalaanen.fi\/de\/produkt\/ohraryyni\/","title":{"rendered":"Ohraryyni"},"content":{"rendered":"","protected":false},"excerpt":{"rendered":"<p>Ohraryyni<\/p>\n<p>(saattaa seassa olla pieni\u00e4 m\u00e4\u00e4ri\u00e4 muutakin viljasorttia)<\/p>\n<p>500 g<\/p>\n<p><a href=\"https:\/\/korvalaanen.fi\/wp-content\/uploads\/2022\/06\/Korvalaanen-Ohoraryyni-A6.pdf\" target=\"_blank\" rel=\"noopener\">PRODUKTBESCHREIBUNG<\/a><\/p>","protected":false},"featured_media":3748,"template":"","meta":{"slim_seo":{"title":"Ohraryyni - Korvalaanen","description":"Ohraryyni (saattaa seassa olla pieni\u00e4 m\u00e4\u00e4ri\u00e4 muutakin viljasorttia) 1 kg TUOTEKORTTI"}},"product_brand":[],"product_cat":[25],"product_tag":[],"class_list":{"0":"post-1199","1":"product","2":"type-product","3":"status-publish","4":"has-post-thumbnail","6":"product_cat-viljat-oljyt","7":"product_shipping_class-pussit","9":"first","10":"instock","11":"taxable","12":"shipping-taxable","13":"purchasable","14":"product-type-simple"},"_links":{"self":[{"href":"https:\/\/korvalaanen.fi\/de\/wp-json\/wp\/v2\/product\/1199","targetHints":{"allow":["GET"]}}],"collection":[{"href":"https:\/\/korvalaanen.fi\/de\/wp-json\/wp\/v2\/product"}],"about":[{"href":"https:\/\/korvalaanen.fi\/de\/wp-json\/wp\/v2\/types\/product"}],"wp:featuredmedia":[{"embeddable":true,"href":"https:\/\/korvalaanen.fi\/de\/wp-json\/wp\/v2\/media\/3748"}],"wp:attachment":[{"href":"https:\/\/korvalaanen.fi\/de\/wp-json\/wp\/v2\/media?parent=1199"}],"wp:term":[{"taxonomy":"product_brand","embeddable":true,"href":"https:\/\/korvalaanen.fi\/de\/wp-json\/wp\/v2\/product_brand?post=1199"},{"taxonomy":"product_cat","embeddable":true,"href":"https:\/\/korvalaanen.fi\/de\/wp-json\/wp\/v2\/product_cat?post=1199"},{"taxonomy":"product_tag","embeddable":true,"href":"https:\/\/korvalaanen.fi\/de\/wp-json\/wp\/v2\/product_tag?post=1199"}],"curies":[{"name":"wp","href":"https:\/\/api.w.org\/{rel}","templated":true}]}}