{"id":2322,"date":"2023-08-29T08:54:18","date_gmt":"2023-08-29T05:54:18","guid":{"rendered":"https:\/\/korvalaanen.fi\/?post_type=product&#038;p=2322"},"modified":"2026-03-31T11:44:12","modified_gmt":"2026-03-31T08:44:12","slug":"vehnalese","status":"publish","type":"product","link":"https:\/\/korvalaanen.fi\/de\/produkt\/vehnalese\/","title":{"rendered":"Vehn\u00e4lese"},"content":{"rendered":"<h3>Ravintosis\u00e4lt\u00f6<\/h3>\n<ul>\n<li>Energia 955 kJ \/ 228 kcal<\/li>\n<li>Rasva 4,5 g<\/li>\n<li>Hiilihydraatit 15,4 g<\/li>\n<li>Ravintokuitu 37,5 g<\/li>\n<li>Proteiinit 13,3 g<\/li>\n<\/ul>\n<p>1kg<\/p>","protected":false},"excerpt":{"rendered":"<p>Entisajan Vehn\u00e4lese<\/p>","protected":false},"featured_media":2672,"template":"","meta":{"slim_seo":{"title":"Vehn\u00e4lese - Korvalaanen","description":"Entisajan Vehn\u00e4lese"}},"product_brand":[],"product_cat":[25],"product_tag":[55],"class_list":{"0":"post-2322","1":"product","2":"type-product","3":"status-publish","4":"has-post-thumbnail","6":"product_cat-viljat-oljyt","7":"product_tag-vehnatuote","8":"product_shipping_class-pussit","10":"first","11":"instock","12":"taxable","13":"shipping-taxable","14":"purchasable","15":"product-type-simple"},"_links":{"self":[{"href":"https:\/\/korvalaanen.fi\/de\/wp-json\/wp\/v2\/product\/2322","targetHints":{"allow":["GET"]}}],"collection":[{"href":"https:\/\/korvalaanen.fi\/de\/wp-json\/wp\/v2\/product"}],"about":[{"href":"https:\/\/korvalaanen.fi\/de\/wp-json\/wp\/v2\/types\/product"}],"wp:featuredmedia":[{"embeddable":true,"href":"https:\/\/korvalaanen.fi\/de\/wp-json\/wp\/v2\/media\/2672"}],"wp:attachment":[{"href":"https:\/\/korvalaanen.fi\/de\/wp-json\/wp\/v2\/media?parent=2322"}],"wp:term":[{"taxonomy":"product_brand","embeddable":true,"href":"https:\/\/korvalaanen.fi\/de\/wp-json\/wp\/v2\/product_brand?post=2322"},{"taxonomy":"product_cat","embeddable":true,"href":"https:\/\/korvalaanen.fi\/de\/wp-json\/wp\/v2\/product_cat?post=2322"},{"taxonomy":"product_tag","embeddable":true,"href":"https:\/\/korvalaanen.fi\/de\/wp-json\/wp\/v2\/product_tag?post=2322"}],"curies":[{"name":"wp","href":"https:\/\/api.w.org\/{rel}","templated":true}]}}