{"id":2761,"date":"2024-05-13T16:09:11","date_gmt":"2024-05-13T13:09:11","guid":{"rendered":"https:\/\/korvalaanen.fi\/?post_type=product&#038;p=2761"},"modified":"2026-03-31T11:44:11","modified_gmt":"2026-03-31T08:44:11","slug":"mustakaura-ryyni-25kg-sakki","status":"publish","type":"product","link":"https:\/\/korvalaanen.fi\/de\/produkt\/mustakaura-ryyni-25kg-sakki\/","title":{"rendered":"gesch\u00e4lte Schwarzhaferk\u00f6rner im 25-kg- Sack"},"content":{"rendered":"","protected":false},"excerpt":{"rendered":"<p><b class=\"trp-primary-text-bold\"><\/p>\n<div class=\"trp_language_switcher_shortcode\">\n<div class=\"trp-language-switcher trp-language-switcher-container\" data-no-translation >\n<div class=\"trp-ls-shortcode-current-language\">\n        <a href=\"#\" class=\"trp-ls-shortcode-disabled-language trp-ls-disabled-language\" title=\"Deutsch\" onclick=\"event.preventDefault()\"><br \/>\n\t\t\t<img decoding=\"async\" class=\"trp-flag-image\" src=\"https:\/\/korvalaanen.fi\/wp-content\/plugins\/translatepress-multilingual\/assets\/images\/flags\/de_DE.png\" width=\"18\" height=\"12\" alt=\"de_DE\" title=\"Deutsch\"> Deutsch\t\t<\/a>\n    <\/div>\n<div class=\"trp-ls-shortcode-language\">\n                <a href=\"#\" class=\"trp-ls-shortcode-disabled-language trp-ls-disabled-language\"  title=\"Deutsch\" onclick=\"event.preventDefault()\"><br \/>\n\t\t\t<img decoding=\"async\" class=\"trp-flag-image\" src=\"https:\/\/korvalaanen.fi\/wp-content\/plugins\/translatepress-multilingual\/assets\/images\/flags\/de_DE.png\" width=\"18\" height=\"12\" alt=\"de_DE\" title=\"Deutsch\"> Deutsch\t\t<\/a><br \/>\n                    <a href=\"https:\/\/korvalaanen.fi\/de\/wp-json\/wp\/v2\/product\/2761#TRPLINKPROCESSED\" title=\"Suomi\"><br \/>\n            <img decoding=\"async\" class=\"trp-flag-image\" src=\"https:\/\/korvalaanen.fi\/wp-content\/plugins\/translatepress-multilingual\/assets\/images\/flags\/fi.png\" width=\"18\" height=\"12\" alt=\"fi\" title=\"Suomi\"> Suomi        <\/a><\/p><\/div>\n<p>    <script type=\"application\/javascript\">\n        \/\/ need to have the same with set from JS on both divs. Otherwise it can push stuff around in HTML\n        var trp_ls_shortcodes = document.querySelectorAll('.trp_language_switcher_shortcode .trp-language-switcher');\n        if ( trp_ls_shortcodes.length > 0) {\n            \/\/ get the last language switcher added\n            var trp_el = trp_ls_shortcodes[trp_ls_shortcodes.length - 1];<\/p>\n<p>            var trp_shortcode_language_item = trp_el.querySelector( '.trp-ls-shortcode-language' )\n            \/\/ set width\n            var trp_ls_shortcode_width                                               = trp_shortcode_language_item.offsetWidth + 16;\n            trp_shortcode_language_item.style.width                                  = trp_ls_shortcode_width + 'px';\n            trp_el.querySelector( '.trp-ls-shortcode-current-language' ).style.width = trp_ls_shortcode_width + 'px';<\/p>\n<p>            \/\/ We're putting this on display: none after we have its width.\n            trp_shortcode_language_item.style.display = 'none';\n        }\n    <\/script>\n<\/div>\n<\/div>\n<p> <\/b><\/p>\n<p>&nbsp;<\/p>\n<p>Kokonainen, mutta kuorittu mustakaura (suurimo, ryyni). Soveltuu korvaamaan riisin mm. risotto, porkkanalaatikko ym.<\/p>\n<p>Erinomainen puuro!<\/p>\n<p>Terveellinen ja varmasti maukas!<\/p>\n<p>Ravintosis\u00e4lt\u00f6 100 g<br \/>\nEnergia 1500 kJ \/ 358 kcal<br \/>\nRavintokuitu 12 g<br \/>\nRasva 5,1 g<br \/>\nProteiini 17 g<br \/>\nHiilihydraatti 53 g<br \/>\nSuola &lt; 0,25 g<br \/>\njosta sokereita 0,71 g<br \/>\nEi l\u00e4mp\u00f6k\u00e4sitelty. Ravinteet tallella.<\/p>\n<p>25 kg s\u00e4kki<\/p>\n","protected":false},"featured_media":2760,"template":"","meta":{"slim_seo":{"title":"Mustakaura ryyni 25kg s\u00e4kki - Korvalaanen","description":"Deutsch Deutsch Suomi &nbsp; Kokonainen, mutta kuorittu mustakaura (suurimo, ryyni). Soveltuu korvaamaan riisin mm. risotto, porkkanalaatikko ym. Erinomainen pu"}},"product_brand":[],"product_cat":[57,25],"product_tag":[],"class_list":{"0":"post-2761","1":"product","2":"type-product","3":"status-publish","4":"has-post-thumbnail","6":"product_cat-isot-sakit","7":"product_cat-viljat-oljyt","8":"product_shipping_class-pussit","10":"first","11":"instock","12":"taxable","13":"shipping-taxable","14":"purchasable","15":"product-type-simple"},"_links":{"self":[{"href":"https:\/\/korvalaanen.fi\/de\/wp-json\/wp\/v2\/product\/2761","targetHints":{"allow":["GET"]}}],"collection":[{"href":"https:\/\/korvalaanen.fi\/de\/wp-json\/wp\/v2\/product"}],"about":[{"href":"https:\/\/korvalaanen.fi\/de\/wp-json\/wp\/v2\/types\/product"}],"wp:featuredmedia":[{"embeddable":true,"href":"https:\/\/korvalaanen.fi\/de\/wp-json\/wp\/v2\/media\/2760"}],"wp:attachment":[{"href":"https:\/\/korvalaanen.fi\/de\/wp-json\/wp\/v2\/media?parent=2761"}],"wp:term":[{"taxonomy":"product_brand","embeddable":true,"href":"https:\/\/korvalaanen.fi\/de\/wp-json\/wp\/v2\/product_brand?post=2761"},{"taxonomy":"product_cat","embeddable":true,"href":"https:\/\/korvalaanen.fi\/de\/wp-json\/wp\/v2\/product_cat?post=2761"},{"taxonomy":"product_tag","embeddable":true,"href":"https:\/\/korvalaanen.fi\/de\/wp-json\/wp\/v2\/product_tag?post=2761"}],"curies":[{"name":"wp","href":"https:\/\/api.w.org\/{rel}","templated":true}]}}