{"id":3318,"date":"2025-04-14T14:06:47","date_gmt":"2025-04-14T11:06:47","guid":{"rendered":"https:\/\/korvalaanen.fi\/?post_type=product&#038;p=3318"},"modified":"2026-03-31T11:44:11","modified_gmt":"2026-03-31T08:44:11","slug":"ruisjauho-hieno","status":"publish","type":"product","link":"https:\/\/korvalaanen.fi\/de\/produkt\/ruisjauho-hieno\/","title":{"rendered":"Ruisjauho hieno"},"content":{"rendered":"<p>Jauhettu vanhalla kivimyllyll\u00e4.<\/p>\n<h3>Ravintosis\u00e4lt\u00f6 100g (viittellinen):<\/h3>\n<ul>\n<li>Energia 1232kJ \/ 297kcal<\/li>\n<li>Rasva\/fett 2.0g<\/li>\n<li>Hiilihydraatit 52.0g<\/li>\n<li>Ravintokuitu 13.9g<\/li>\n<li>Proteiinit 9.6g<\/li>\n<li>Suola 12.7g<\/li>\n<\/ul>\n<p>2kg<\/p>","protected":false},"excerpt":{"rendered":"<p>Jauhettu vanhalla kivimyllyll\u00e4. Ravintosis\u00e4lt\u00f6 100g (viittellinen): Energia 1232kJ \/ 297kcal [&hellip;]<\/p>\n","protected":false},"featured_media":3311,"template":"","meta":{"slim_seo":{"title":"Ruisjauho hieno - Korvalaanen","description":"Jauhettu vanhalla kivimyllyll\u00e4. Ravintosis\u00e4lt\u00f6 100g (viittellinen): Energia 1232kJ \/ 297kcal Rasva\/fett 2.0g Hiilihydraatit 52.0g Ravintokuitu 13.9g Proteiinit"}},"product_brand":[],"product_cat":[25],"product_tag":[],"class_list":{"0":"post-3318","1":"product","2":"type-product","3":"status-publish","4":"has-post-thumbnail","6":"product_cat-viljat-oljyt","7":"product_shipping_class-pussit","9":"first","10":"instock","11":"taxable","12":"shipping-taxable","13":"purchasable","14":"product-type-simple"},"_links":{"self":[{"href":"https:\/\/korvalaanen.fi\/de\/wp-json\/wp\/v2\/product\/3318","targetHints":{"allow":["GET"]}}],"collection":[{"href":"https:\/\/korvalaanen.fi\/de\/wp-json\/wp\/v2\/product"}],"about":[{"href":"https:\/\/korvalaanen.fi\/de\/wp-json\/wp\/v2\/types\/product"}],"wp:featuredmedia":[{"embeddable":true,"href":"https:\/\/korvalaanen.fi\/de\/wp-json\/wp\/v2\/media\/3311"}],"wp:attachment":[{"href":"https:\/\/korvalaanen.fi\/de\/wp-json\/wp\/v2\/media?parent=3318"}],"wp:term":[{"taxonomy":"product_brand","embeddable":true,"href":"https:\/\/korvalaanen.fi\/de\/wp-json\/wp\/v2\/product_brand?post=3318"},{"taxonomy":"product_cat","embeddable":true,"href":"https:\/\/korvalaanen.fi\/de\/wp-json\/wp\/v2\/product_cat?post=3318"},{"taxonomy":"product_tag","embeddable":true,"href":"https:\/\/korvalaanen.fi\/de\/wp-json\/wp\/v2\/product_tag?post=3318"}],"curies":[{"name":"wp","href":"https:\/\/api.w.org\/{rel}","templated":true}]}}