{"id":3325,"date":"2025-04-14T15:00:30","date_gmt":"2025-04-14T12:00:30","guid":{"rendered":"https:\/\/korvalaanen.fi\/?post_type=product&#038;p=3325"},"modified":"2026-03-31T11:44:11","modified_gmt":"2026-03-31T08:44:11","slug":"farmarin-pizzajauho","status":"publish","type":"product","link":"https:\/\/korvalaanen.fi\/de\/produkt\/farmarin-pizzajauho\/","title":{"rendered":"Farmarin pizzajauho"},"content":{"rendered":"<p>Lue <a href=\"https:\/\/korvalaanen.fi\/de\/reseptit\/rokkileipurin-pizzaresepti\/\">Rokkileipurin pizzaresepti<\/a><\/p>\n<h3>Ravintosis\u00e4lt\u00f6 100g (viittellinen):<\/h3>\n<ul>\n<li>Energia 1436kJ \/ 343kcal<\/li>\n<li>Rasva\/fett 1,2g<\/li>\n<li>Hiilihydraatit 70g<\/li>\n<li>Ravintokuitu 3,5g<\/li>\n<li>Proteiinit 10,2g<\/li>\n<\/ul>\n<p>Aineosat: Vehn\u00e4. W320. Kest\u00e4\u00e4 24-48h kylm\u00e4kohotuksen<\/p>\n<p>1,5kg<\/p>","protected":false},"excerpt":{"rendered":"<p>Lue Rokkileipurin pizzaresepti Ravintosis\u00e4lt\u00f6 100g (viittellinen): Energia 1436kJ \/ 343kcal [&hellip;]<\/p>\n","protected":false},"featured_media":3326,"template":"","meta":{"slim_seo":{"title":"Farmarin pizzajauho - Korvalaanen","description":"Lue Rokkileipurin pizzaresepti Ravintosis\u00e4lt\u00f6 100g (viittellinen): Energia 1436kJ \/ 343kcal Rasva\/fett 1,2g Hiilihydraatit 70g Ravintokuitu 3,5g Proteiinit 10,2"}},"product_brand":[],"product_cat":[25],"product_tag":[],"class_list":{"0":"post-3325","1":"product","2":"type-product","3":"status-publish","4":"has-post-thumbnail","6":"product_cat-viljat-oljyt","7":"product_shipping_class-pussit","9":"first","10":"instock","11":"taxable","12":"shipping-taxable","13":"purchasable","14":"product-type-simple"},"_links":{"self":[{"href":"https:\/\/korvalaanen.fi\/de\/wp-json\/wp\/v2\/product\/3325","targetHints":{"allow":["GET"]}}],"collection":[{"href":"https:\/\/korvalaanen.fi\/de\/wp-json\/wp\/v2\/product"}],"about":[{"href":"https:\/\/korvalaanen.fi\/de\/wp-json\/wp\/v2\/types\/product"}],"wp:featuredmedia":[{"embeddable":true,"href":"https:\/\/korvalaanen.fi\/de\/wp-json\/wp\/v2\/media\/3326"}],"wp:attachment":[{"href":"https:\/\/korvalaanen.fi\/de\/wp-json\/wp\/v2\/media?parent=3325"}],"wp:term":[{"taxonomy":"product_brand","embeddable":true,"href":"https:\/\/korvalaanen.fi\/de\/wp-json\/wp\/v2\/product_brand?post=3325"},{"taxonomy":"product_cat","embeddable":true,"href":"https:\/\/korvalaanen.fi\/de\/wp-json\/wp\/v2\/product_cat?post=3325"},{"taxonomy":"product_tag","embeddable":true,"href":"https:\/\/korvalaanen.fi\/de\/wp-json\/wp\/v2\/product_tag?post=3325"}],"curies":[{"name":"wp","href":"https:\/\/api.w.org\/{rel}","templated":true}]}}