{"id":3395,"date":"2025-05-07T11:43:51","date_gmt":"2025-05-07T08:43:51","guid":{"rendered":"https:\/\/korvalaanen.fi\/?post_type=product&#038;p=3395"},"modified":"2026-04-20T09:28:31","modified_gmt":"2026-04-20T06:28:31","slug":"kylmapuristettu-oljyhamppu-pullossa","status":"publish","type":"product","link":"https:\/\/korvalaanen.fi\/de\/produkt\/kylmapuristettu-oljyhamppu-pullossa\/","title":{"rendered":"Kylm\u00e4puristettu \u00f6ljyhamppu"},"content":{"rendered":"","protected":false},"excerpt":{"rendered":"<p>Hamppu on luonnon parahinta antia, eli meir\u00e4n toimesta ei kasvinsuojelu aineita laiteta hamppukasvustoon.<\/p>\n<p>Kokonaanen hamppu maistuu p\u00e4hkin\u00e4\u00e4selle ja sit\u00e4 voi ripotella monehen ruokahan tai leivontahn lisukkeeksi. Smoothiet ovat suosittuja hampun kanssa.<\/p>\n<p>Korvalaasen tuotteet on valamistettu ilaman esik\u00e4sittelyj\u00e4 tai lis\u00e4-aineeta.<\/p>\n<p>Omegat talteen helposti. 4rkl \/p\u00e4iv\u00e4ss\u00e4 max.<br \/>\nEsimerkiksi salaattikastikeena, ruokien mukaan, kuumiin juotaviin ym. Ei sovellu paistamiseen. S\u00e4ilytett\u00e4v\u00e4 kylm\u00e4ss\u00e4.<\/p>\n<p><a href=\"https:\/\/korvalaanen.fi\/wp-content\/uploads\/2025\/04\/Korvalaanen-Hamppuoljy-etiketti_v2.png\" target=\"_blank\" rel=\"noopener\">PRODUKTBESCHREIBUNG<\/a><\/p>\n<p><strong>Osta 2 pulloa 15\u20ac<\/strong><\/p>","protected":false},"featured_media":3391,"template":"","meta":{"slim_seo":{"title":"Kylm\u00e4puristettu \u00f6ljyhamppu - Korvalaanen","description":"Hamppu on luonnon parahinta antia, eli meir\u00e4n toimesta ei kasvinsuojelu aineita laiteta hamppukasvustoon. Kokonaanen hamppu maistuu p\u00e4hkin\u00e4\u00e4selle ja sit\u00e4 voi ri"}},"product_brand":[],"product_cat":[25],"product_tag":[],"class_list":{"0":"post-3395","1":"product","2":"type-product","3":"status-publish","4":"has-post-thumbnail","6":"product_cat-viljat-oljyt","7":"product_shipping_class-pussit","9":"first","10":"instock","11":"taxable","12":"shipping-taxable","13":"purchasable","14":"product-type-simple"},"_links":{"self":[{"href":"https:\/\/korvalaanen.fi\/de\/wp-json\/wp\/v2\/product\/3395","targetHints":{"allow":["GET"]}}],"collection":[{"href":"https:\/\/korvalaanen.fi\/de\/wp-json\/wp\/v2\/product"}],"about":[{"href":"https:\/\/korvalaanen.fi\/de\/wp-json\/wp\/v2\/types\/product"}],"wp:featuredmedia":[{"embeddable":true,"href":"https:\/\/korvalaanen.fi\/de\/wp-json\/wp\/v2\/media\/3391"}],"wp:attachment":[{"href":"https:\/\/korvalaanen.fi\/de\/wp-json\/wp\/v2\/media?parent=3395"}],"wp:term":[{"taxonomy":"product_brand","embeddable":true,"href":"https:\/\/korvalaanen.fi\/de\/wp-json\/wp\/v2\/product_brand?post=3395"},{"taxonomy":"product_cat","embeddable":true,"href":"https:\/\/korvalaanen.fi\/de\/wp-json\/wp\/v2\/product_cat?post=3395"},{"taxonomy":"product_tag","embeddable":true,"href":"https:\/\/korvalaanen.fi\/de\/wp-json\/wp\/v2\/product_tag?post=3395"}],"curies":[{"name":"wp","href":"https:\/\/api.w.org\/{rel}","templated":true}]}}