{"id":3396,"date":"2025-05-07T12:02:04","date_gmt":"2025-05-07T09:02:04","guid":{"rendered":"https:\/\/korvalaanen.fi\/?post_type=product&#038;p=3396"},"modified":"2026-04-14T14:24:11","modified_gmt":"2026-04-14T11:24:11","slug":"kokonainen-mustakaura-sakki-hevosille","status":"publish","type":"product","link":"https:\/\/korvalaanen.fi\/de\/produkt\/kokonainen-mustakaura-sakki-hevosille\/","title":{"rendered":"Kokonainen Mustakaura 25kg s\u00e4kki hevosille"},"content":{"rendered":"","protected":false},"excerpt":{"rendered":"<p>Kokonaista mustakauraa s\u00e4kiss\u00e4, niin ett\u00e4 kuoretkin ovat siemeness\u00e4. Hevosille.<\/p>\n<p>25 kg<\/p>","protected":false},"featured_media":2760,"template":"","meta":{"slim_seo":{"title":"Kokonainen Mustakaura 25kg s\u00e4kki hevosille - Korvalaanen","description":"Kokonaista mustakauraa s\u00e4kiss\u00e4, niin ett\u00e4 kuoretkin ovat siemeness\u00e4. Hevosille. 25 kg"}},"product_brand":[],"product_cat":[33],"product_tag":[],"class_list":{"0":"post-3396","1":"product","2":"type-product","3":"status-publish","4":"has-post-thumbnail","6":"product_cat-hevosille","7":"product_shipping_class-pussit","9":"first","10":"instock","11":"taxable","12":"shipping-taxable","13":"purchasable","14":"product-type-simple"},"_links":{"self":[{"href":"https:\/\/korvalaanen.fi\/de\/wp-json\/wp\/v2\/product\/3396","targetHints":{"allow":["GET"]}}],"collection":[{"href":"https:\/\/korvalaanen.fi\/de\/wp-json\/wp\/v2\/product"}],"about":[{"href":"https:\/\/korvalaanen.fi\/de\/wp-json\/wp\/v2\/types\/product"}],"wp:featuredmedia":[{"embeddable":true,"href":"https:\/\/korvalaanen.fi\/de\/wp-json\/wp\/v2\/media\/2760"}],"wp:attachment":[{"href":"https:\/\/korvalaanen.fi\/de\/wp-json\/wp\/v2\/media?parent=3396"}],"wp:term":[{"taxonomy":"product_brand","embeddable":true,"href":"https:\/\/korvalaanen.fi\/de\/wp-json\/wp\/v2\/product_brand?post=3396"},{"taxonomy":"product_cat","embeddable":true,"href":"https:\/\/korvalaanen.fi\/de\/wp-json\/wp\/v2\/product_cat?post=3396"},{"taxonomy":"product_tag","embeddable":true,"href":"https:\/\/korvalaanen.fi\/de\/wp-json\/wp\/v2\/product_tag?post=3396"}],"curies":[{"name":"wp","href":"https:\/\/api.w.org\/{rel}","templated":true}]}}