{"id":3932,"date":"2026-03-31T13:06:10","date_gmt":"2026-03-31T10:06:10","guid":{"rendered":"https:\/\/korvalaanen.fi\/?post_type=product&#038;p=3932"},"modified":"2026-03-31T13:09:02","modified_gmt":"2026-03-31T10:09:02","slug":"karkea-kakkuvehnajauho","status":"publish","type":"product","link":"https:\/\/korvalaanen.fi\/de\/produkt\/karkea-kakkuvehnajauho\/","title":{"rendered":"Karkea kakkuvehn\u00e4jauho"},"content":{"rendered":"<p>Jauhettu vanhalla Entisajan kivimyllyll\u00e4.<\/p>\n<ul>\n<li>Karkea vehn\u00e4jauho<\/li>\n<li>Ei sis\u00e4ll\u00e4 jauhoparanteita<\/li>\n<\/ul>\n<p>2kg<\/p>","protected":false},"excerpt":{"rendered":"<p>Jauhettu vanhalla Entisajan kivimyllyll\u00e4. Karkea vehn\u00e4jauho Ei sis\u00e4ll\u00e4 jauhoparanteita 2kg<\/p>","protected":false},"featured_media":3933,"template":"","meta":{"slim_seo":{"title":"Karkea kakkuvehn\u00e4jauho - Korvalaanen","description":"Jauhettu vanhalla Entisajan kivimyllyll\u00e4. Karkea vehn\u00e4jauho Ei sis\u00e4ll\u00e4 jauhoparanteita 2kg"}},"product_brand":[],"product_cat":[25],"product_tag":[],"class_list":{"0":"post-3932","1":"product","2":"type-product","3":"status-publish","4":"has-post-thumbnail","6":"product_cat-viljat-oljyt","7":"product_shipping_class-pussit","9":"first","10":"instock","11":"taxable","12":"shipping-taxable","13":"purchasable","14":"product-type-simple"},"_links":{"self":[{"href":"https:\/\/korvalaanen.fi\/de\/wp-json\/wp\/v2\/product\/3932","targetHints":{"allow":["GET"]}}],"collection":[{"href":"https:\/\/korvalaanen.fi\/de\/wp-json\/wp\/v2\/product"}],"about":[{"href":"https:\/\/korvalaanen.fi\/de\/wp-json\/wp\/v2\/types\/product"}],"wp:featuredmedia":[{"embeddable":true,"href":"https:\/\/korvalaanen.fi\/de\/wp-json\/wp\/v2\/media\/3933"}],"wp:attachment":[{"href":"https:\/\/korvalaanen.fi\/de\/wp-json\/wp\/v2\/media?parent=3932"}],"wp:term":[{"taxonomy":"product_brand","embeddable":true,"href":"https:\/\/korvalaanen.fi\/de\/wp-json\/wp\/v2\/product_brand?post=3932"},{"taxonomy":"product_cat","embeddable":true,"href":"https:\/\/korvalaanen.fi\/de\/wp-json\/wp\/v2\/product_cat?post=3932"},{"taxonomy":"product_tag","embeddable":true,"href":"https:\/\/korvalaanen.fi\/de\/wp-json\/wp\/v2\/product_tag?post=3932"}],"curies":[{"name":"wp","href":"https:\/\/api.w.org\/{rel}","templated":true}]}}