{"id":3958,"date":"2026-04-14T13:07:16","date_gmt":"2026-04-14T10:07:16","guid":{"rendered":"https:\/\/korvalaanen.fi\/?post_type=product&#038;p=3958"},"modified":"2026-04-14T14:19:54","modified_gmt":"2026-04-14T11:19:54","slug":"puolikarkea-vehnajauho-sakki","status":"publish","type":"product","link":"https:\/\/korvalaanen.fi\/de\/produkt\/puolikarkea-vehnajauho-sakki\/","title":{"rendered":"Puolikarkea vehn\u00e4jauho &#8211; 20kg s\u00e4kki"},"content":{"rendered":"","protected":false},"excerpt":{"rendered":"<p>Entisajan Puolikarkea vehn\u00e4jauho -s\u00e4kki<\/p>\n<p>20 kg<\/p>","protected":false},"featured_media":2760,"template":"","meta":{"slim_seo":{"title":"Puolikarkea vehn\u00e4jauho - 20kg s\u00e4kki - Korvalaanen","description":"Entisajan Puolikarkea vehn\u00e4jauho -s\u00e4kki 20 kg"}},"product_brand":[],"product_cat":[57,25],"product_tag":[],"class_list":{"0":"post-3958","1":"product","2":"type-product","3":"status-publish","4":"has-post-thumbnail","6":"product_cat-isot-sakit","7":"product_cat-viljat-oljyt","8":"product_shipping_class-pussit","10":"first","11":"instock","12":"taxable","13":"shipping-taxable","14":"purchasable","15":"product-type-simple"},"_links":{"self":[{"href":"https:\/\/korvalaanen.fi\/de\/wp-json\/wp\/v2\/product\/3958","targetHints":{"allow":["GET"]}}],"collection":[{"href":"https:\/\/korvalaanen.fi\/de\/wp-json\/wp\/v2\/product"}],"about":[{"href":"https:\/\/korvalaanen.fi\/de\/wp-json\/wp\/v2\/types\/product"}],"wp:featuredmedia":[{"embeddable":true,"href":"https:\/\/korvalaanen.fi\/de\/wp-json\/wp\/v2\/media\/2760"}],"wp:attachment":[{"href":"https:\/\/korvalaanen.fi\/de\/wp-json\/wp\/v2\/media?parent=3958"}],"wp:term":[{"taxonomy":"product_brand","embeddable":true,"href":"https:\/\/korvalaanen.fi\/de\/wp-json\/wp\/v2\/product_brand?post=3958"},{"taxonomy":"product_cat","embeddable":true,"href":"https:\/\/korvalaanen.fi\/de\/wp-json\/wp\/v2\/product_cat?post=3958"},{"taxonomy":"product_tag","embeddable":true,"href":"https:\/\/korvalaanen.fi\/de\/wp-json\/wp\/v2\/product_tag?post=3958"}],"curies":[{"name":"wp","href":"https:\/\/api.w.org\/{rel}","templated":true}]}}